{"id":147,"date":"2023-07-02T21:41:11","date_gmt":"2023-07-02T21:41:11","guid":{"rendered":"https:\/\/www.180espace.com\/?page_id=147"},"modified":"2025-06-06T14:35:36","modified_gmt":"2025-06-06T18:35:36","slug":"hatha-yoga","status":"publish","type":"page","link":"https:\/\/www.180espace.com\/fr\/hatha-yoga-fr\/","title":{"rendered":"HATHA YOGA"},"content":{"rendered":"\t\t<div data-elementor-type=\"wp-page\" data-elementor-id=\"147\" class=\"elementor elementor-147\" data-elementor-post-type=\"page\">\n\t\t\t\t\t\t<section class=\"elementor-section elementor-top-section elementor-element elementor-element-4ee13f2 elementor-section-boxed elementor-section-height-default elementor-section-height-default\" data-id=\"4ee13f2\" data-element_type=\"section\" data-e-type=\"section\">\n\t\t\t\t\t\t<div class=\"elementor-container elementor-column-gap-default\">\n\t\t\t\t\t<div class=\"elementor-column elementor-col-100 elementor-top-column elementor-element elementor-element-e06f38f\" data-id=\"e06f38f\" data-element_type=\"column\" data-e-type=\"column\">\n\t\t\t<div class=\"elementor-widget-wrap elementor-element-populated\">\n\t\t\t\t\t\t<div class=\"elementor-element elementor-element-428bf66 elementor-widget elementor-widget-spacer\" data-id=\"428bf66\" data-element_type=\"widget\" data-e-type=\"widget\" data-widget_type=\"spacer.default\">\n\t\t\t\t<div class=\"elementor-widget-container\">\n\t\t\t\t\t\t\t<div class=\"elementor-spacer\">\n\t\t\t<div class=\"elementor-spacer-inner\"><\/div>\n\t\t<\/div>\n\t\t\t\t\t\t<\/div>\n\t\t\t\t<\/div>\n\t\t\t\t\t<\/div>\n\t\t<\/div>\n\t\t\t\t\t<\/div>\n\t\t<\/section>\n\t\t\t\t<section class=\"elementor-section elementor-top-section elementor-element elementor-element-1ab5b4d elementor-section-boxed elementor-section-height-default elementor-section-height-default\" data-id=\"1ab5b4d\" data-element_type=\"section\" data-e-type=\"section\">\n\t\t\t\t\t\t<div class=\"elementor-container elementor-column-gap-default\">\n\t\t\t\t\t<div class=\"elementor-column elementor-col-100 elementor-top-column elementor-element elementor-element-1248125\" data-id=\"1248125\" data-element_type=\"column\" data-e-type=\"column\">\n\t\t\t<div class=\"elementor-widget-wrap elementor-element-populated\">\n\t\t\t\t\t\t<div class=\"elementor-element elementor-element-298fdee elementor-widget elementor-widget-heading\" data-id=\"298fdee\" data-element_type=\"widget\" data-e-type=\"widget\" data-widget_type=\"heading.default\">\n\t\t\t\t<div class=\"elementor-widget-container\">\n\t\t\t\t\t<h2 class=\"elementor-heading-title elementor-size-xxl\">YOGA HATHA<\/h2>\t\t\t\t<\/div>\n\t\t\t\t<\/div>\n\t\t\t\t<div class=\"elementor-element elementor-element-a53aab3 elementor-arrows-position-inside elementor-pagination-position-outside elementor-widget elementor-widget-image-carousel\" data-id=\"a53aab3\" data-element_type=\"widget\" data-e-type=\"widget\" data-settings=\"{&quot;slides_to_show&quot;:&quot;1&quot;,&quot;navigation&quot;:&quot;both&quot;,&quot;autoplay&quot;:&quot;yes&quot;,&quot;pause_on_hover&quot;:&quot;yes&quot;,&quot;pause_on_interaction&quot;:&quot;yes&quot;,&quot;autoplay_speed&quot;:5000,&quot;infinite&quot;:&quot;yes&quot;,&quot;effect&quot;:&quot;slide&quot;,&quot;speed&quot;:500}\" data-widget_type=\"image-carousel.default\">\n\t\t\t\t<div class=\"elementor-widget-container\">\n\t\t\t\t\t\t\t<div class=\"elementor-image-carousel-wrapper swiper\" role=\"region\" aria-roledescription=\"carousel\" aria-label=\"Image Carousel\" dir=\"ltr\">\n\t\t\t<div class=\"elementor-image-carousel swiper-wrapper\" aria-live=\"off\">\n\t\t\t\t\t\t\t\t<div class=\"swiper-slide\" role=\"group\" aria-roledescription=\"slide\" aria-label=\"1 of 2\"><figure class=\"swiper-slide-inner\"><img decoding=\"async\" class=\"swiper-slide-image\" src=\"https:\/\/www.180espace.com\/wp-content\/uploads\/2023\/07\/hatha-1.png\" alt=\"hatha\" \/><\/figure><\/div><div class=\"swiper-slide\" role=\"group\" aria-roledescription=\"slide\" aria-label=\"2 of 2\"><figure class=\"swiper-slide-inner\"><img decoding=\"async\" class=\"swiper-slide-image\" src=\"https:\/\/www.180espace.com\/wp-content\/uploads\/2023\/07\/hatha-FR-NUEVA.png\" alt=\"hatha FR NUEVA\" \/><\/figure><\/div>\t\t\t<\/div>\n\t\t\t\t\t\t\t\t\t\t\t\t<div class=\"elementor-swiper-button elementor-swiper-button-prev\" role=\"button\" tabindex=\"0\">\n\t\t\t\t\t\t<i aria-hidden=\"true\" class=\"eicon-chevron-left\"><\/i>\t\t\t\t\t<\/div>\n\t\t\t\t\t<div class=\"elementor-swiper-button elementor-swiper-button-next\" role=\"button\" tabindex=\"0\">\n\t\t\t\t\t\t<i aria-hidden=\"true\" class=\"eicon-chevron-right\"><\/i>\t\t\t\t\t<\/div>\n\t\t\t\t\n\t\t\t\t\t\t\t\t\t<div class=\"swiper-pagination\"><\/div>\n\t\t\t\t\t\t\t\t\t<\/div>\n\t\t\t\t\t\t<\/div>\n\t\t\t\t<\/div>\n\t\t\t\t\t<\/div>\n\t\t<\/div>\n\t\t\t\t\t<\/div>\n\t\t<\/section>\n\t\t\t\t<section class=\"elementor-section elementor-top-section elementor-element elementor-element-921e913 elementor-section-boxed elementor-section-height-default elementor-section-height-default\" data-id=\"921e913\" data-element_type=\"section\" data-e-type=\"section\">\n\t\t\t\t\t\t<div class=\"elementor-container elementor-column-gap-default\">\n\t\t\t\t\t<div class=\"elementor-column elementor-col-100 elementor-top-column elementor-element elementor-element-ebf84ec\" data-id=\"ebf84ec\" data-element_type=\"column\" data-e-type=\"column\">\n\t\t\t<div class=\"elementor-widget-wrap elementor-element-populated\">\n\t\t\t\t\t\t<div class=\"elementor-element elementor-element-7b922b2 elementor-widget elementor-widget-text-editor\" data-id=\"7b922b2\" data-element_type=\"widget\" data-e-type=\"widget\" data-widget_type=\"text-editor.default\">\n\t\t\t\t<div class=\"elementor-widget-container\">\n\t\t\t\t\t\t\t\t\t<p>Un cours de yoga Hatha est un style traditionnel de yoga qui se concentre sur les postures physiques (asanas) et les techniques de respiration (pranayama). La pratique est con\u00e7ue pour \u00e9quilibrer le corps et l&rsquo;esprit, et favoriser la force physique, la flexibilit\u00e9 et la relaxation.<\/p><p>Les cours de yoga Hatha impliquent g\u00e9n\u00e9ralement de maintenir les postures pendant de plus longues p\u00e9riodes de temps, en mettant l&rsquo;accent sur l&rsquo;alignement correct et le contr\u00f4le de la respiration. La pratique peut \u00eatre douce ou plus exigeante, selon le niveau du cours et les besoins individuels. Nos cours de yoga Hatha incluent \u00e9galement des techniques de m\u00e9ditation et de relaxation pour aider \u00e0 calmer l&rsquo;esprit et r\u00e9duire le stress.<\/p>\t\t\t\t\t\t\t\t<\/div>\n\t\t\t\t<\/div>\n\t\t\t\t\t<\/div>\n\t\t<\/div>\n\t\t\t\t\t<\/div>\n\t\t<\/section>\n\t\t\t\t<\/div>\n\t\t","protected":false},"excerpt":{"rendered":"<p>Un cours de yoga Hatha est un style traditionnel de yoga qui se concentre sur les postures physiques (asanas) et les techniques de respiration (pranayama). La pratique est con\u00e7ue pour \u00e9quilibrer le corps et l&rsquo;esprit, et pour favoriser la force physique, la flexibilit\u00e9 et la relaxation.&nbsp; &nbsp; Les cours de yoga Hatha impliquent g\u00e9n\u00e9ralement de [&hellip;]<\/p>\n","protected":false},"author":1,"featured_media":0,"parent":0,"menu_order":0,"comment_status":"closed","ping_status":"closed","template":"","meta":{"hide_page_title":"enabled","_coblocks_attr":"","_coblocks_dimensions":"","_coblocks_responsive_height":"","_coblocks_accordion_ie_support":"","footnotes":""},"class_list":["post-147","page","type-page","status-publish","hentry"],"yoast_head":"<!-- This site is optimized with the Yoast SEO plugin v27.4 - https:\/\/yoast.com\/product\/yoast-seo-wordpress\/ -->\n<title>HATHA YOGA<\/title>\n<meta name=\"description\" content=\"Un cours de yoga Hatha est un style traditionnel de yoga qui se concentre sur les postures physiques (asanas) et les techniques de respiration (pranayama). La pratique est con\u00e7ue pour \u00e9quilibrer le corps et l&#039;esprit, et pour favoriser la force physique, la flexibilit\u00e9 et la relaxation.&nbsp; &nbsp; Les cours de yoga Hatha impliquent g\u00e9n\u00e9ralement de&hellip;\" \/>\n<meta name=\"robots\" content=\"index, follow, max-snippet:-1, max-image-preview:large, max-video-preview:-1\" \/>\n<link rel=\"canonical\" href=\"http:\/\/Un%20cours%20de%20yoga%20Hatha%20est%20un%20style%20traditionnel%20de%20yoga%20qui%20se%20concentre%20sur%20les%20postures%20physiques%20(asanas)%20et%20les%20techniques%20de%20respiration%20(pranayama).%20La%20pratique%20est%20con\u00e7ue%20pour%20\u00e9quilibrer%20le%20corps%20et%20l'esprit,%20et%20pour%20favoriser%20la%20force%20physique,%20la%20flexibilit\u00e9%20et%20la%20relaxation.&nbsp;%20&nbsp;%20Les%20cours%20de%20yoga%20Hatha%20impliquent%20g\u00e9n\u00e9ralement%20de&hellip;\" \/>\n<meta property=\"og:locale\" content=\"fr_CA\" \/>\n<meta property=\"og:type\" content=\"article\" \/>\n<meta property=\"og:title\" content=\"HATHA YOGA\" \/>\n<meta property=\"og:description\" content=\"Un cours de yoga Hatha est un style traditionnel de yoga qui se concentre sur les postures physiques (asanas) et les techniques de respiration (pranayama). La pratique est con\u00e7ue pour \u00e9quilibrer le corps et l&#039;esprit, et pour favoriser la force physique, la flexibilit\u00e9 et la relaxation.&nbsp; &nbsp; Les cours de yoga Hatha impliquent g\u00e9n\u00e9ralement de&hellip;\" \/>\n<meta property=\"og:url\" content=\"https:\/\/www.180espace.com\/fr\/hatha-yoga-fr\/\" \/>\n<meta property=\"og:site_name\" content=\"180Espace\" \/>\n<meta property=\"article:publisher\" content=\"https:\/\/www.facebook.com\/180Espace\" \/>\n<meta property=\"article:modified_time\" content=\"2025-06-06T18:35:36+00:00\" \/>\n<meta property=\"og:image\" content=\"https:\/\/www.180espace.com\/wp-content\/uploads\/2023\/07\/hatha-1.png\" \/>\n<meta name=\"twitter:card\" content=\"summary_large_image\" \/>\n<meta name=\"twitter:label1\" content=\"Estimation du temps de lecture\" \/>\n\t<meta name=\"twitter:data1\" content=\"2 minutes\" \/>\n<script type=\"application\/ld+json\" class=\"yoast-schema-graph\">{\"@context\":\"https:\\\/\\\/schema.org\",\"@graph\":[{\"@type\":\"WebPage\",\"@id\":\"https:\\\/\\\/www.180espace.com\\\/fr\\\/hatha-yoga-fr\\\/\",\"url\":\"https:\\\/\\\/www.180espace.com\\\/fr\\\/hatha-yoga-fr\\\/\",\"name\":\"HATHA YOGA - 180Espace\",\"isPartOf\":{\"@id\":\"https:\\\/\\\/www.180espace.com\\\/#website\"},\"primaryImageOfPage\":{\"@id\":\"https:\\\/\\\/www.180espace.com\\\/fr\\\/hatha-yoga-fr\\\/#primaryimage\"},\"image\":{\"@id\":\"https:\\\/\\\/www.180espace.com\\\/fr\\\/hatha-yoga-fr\\\/#primaryimage\"},\"thumbnailUrl\":\"https:\\\/\\\/www.180espace.com\\\/wp-content\\\/uploads\\\/2023\\\/07\\\/hatha-1.png\",\"datePublished\":\"2023-07-02T21:41:11+00:00\",\"dateModified\":\"2025-06-06T18:35:36+00:00\",\"breadcrumb\":{\"@id\":\"https:\\\/\\\/www.180espace.com\\\/fr\\\/hatha-yoga-fr\\\/#breadcrumb\"},\"inLanguage\":\"fr-CA\",\"potentialAction\":[{\"@type\":\"ReadAction\",\"target\":[\"https:\\\/\\\/www.180espace.com\\\/fr\\\/hatha-yoga-fr\\\/\"]}]},{\"@type\":\"ImageObject\",\"inLanguage\":\"fr-CA\",\"@id\":\"https:\\\/\\\/www.180espace.com\\\/fr\\\/hatha-yoga-fr\\\/#primaryimage\",\"url\":\"https:\\\/\\\/www.180espace.com\\\/wp-content\\\/uploads\\\/2023\\\/07\\\/hatha-1.png\",\"contentUrl\":\"https:\\\/\\\/www.180espace.com\\\/wp-content\\\/uploads\\\/2023\\\/07\\\/hatha-1.png\"},{\"@type\":\"BreadcrumbList\",\"@id\":\"https:\\\/\\\/www.180espace.com\\\/fr\\\/hatha-yoga-fr\\\/#breadcrumb\",\"itemListElement\":[{\"@type\":\"ListItem\",\"position\":1,\"name\":\"home\",\"item\":\"https:\\\/\\\/www.180espace.com\\\/\"},{\"@type\":\"ListItem\",\"position\":2,\"name\":\"HATHA YOGA\"}]},{\"@type\":\"WebSite\",\"@id\":\"https:\\\/\\\/www.180espace.com\\\/fr\\\/#website\",\"url\":\"https:\\\/\\\/www.180espace.com\\\/fr\\\/\",\"name\":\"180Espace Holistic Yoga\",\"description\":\"BE YOUR OWN INSPIRATION awaken your magic.\",\"publisher\":{\"@id\":\"https:\\\/\\\/www.180espace.com\\\/fr\\\/#organization\"},\"potentialAction\":[{\"@type\":\"SearchAction\",\"target\":{\"@type\":\"EntryPoint\",\"urlTemplate\":\"https:\\\/\\\/www.180espace.com\\\/fr\\\/?s={search_term_string}\"},\"query-input\":{\"@type\":\"PropertyValueSpecification\",\"valueRequired\":true,\"valueName\":\"search_term_string\"}}],\"inLanguage\":\"fr-CA\"},{\"@type\":\"Organization\",\"@id\":\"https:\\\/\\\/www.180espace.com\\\/fr\\\/#organization\",\"name\":\"180Espace\",\"url\":\"https:\\\/\\\/www.180espace.com\\\/fr\\\/\",\"logo\":{\"@type\":\"ImageObject\",\"inLanguage\":\"fr-CA\",\"@id\":\"https:\\\/\\\/www.180espace.com\\\/fr\\\/#\\\/schema\\\/logo\\\/image\\\/\",\"url\":\"https:\\\/\\\/www.180espace.com\\\/wp-content\\\/uploads\\\/2023\\\/06\\\/cropped-logo_final_4-1.png\",\"contentUrl\":\"https:\\\/\\\/www.180espace.com\\\/wp-content\\\/uploads\\\/2023\\\/06\\\/cropped-logo_final_4-1.png\",\"width\":2152,\"height\":769,\"caption\":\"180Espace\"},\"image\":{\"@id\":\"https:\\\/\\\/www.180espace.com\\\/fr\\\/#\\\/schema\\\/logo\\\/image\\\/\"},\"sameAs\":[\"https:\\\/\\\/www.facebook.com\\\/180Espace\",\"https:\\\/\\\/www.instagram.com\\\/180espace\\\/\",\"https:\\\/\\\/www.tiktok.com\\\/@180espace?_t=8jfdmdXrhHq&_r=1\",\"https:\\\/\\\/www.linkedin.com\\\/company\\\/180espace\\\/about\\\/\"]}]}<\/script>\n<!-- \/ Yoast SEO plugin. -->","yoast_head_json":{"title":"HATHA YOGA","description":"Un cours de yoga Hatha est un style traditionnel de yoga qui se concentre sur les postures physiques (asanas) et les techniques de respiration (pranayama). La pratique est con\u00e7ue pour \u00e9quilibrer le corps et l'esprit, et pour favoriser la force physique, la flexibilit\u00e9 et la relaxation.&nbsp; &nbsp; Les cours de yoga Hatha impliquent g\u00e9n\u00e9ralement de&hellip;","robots":{"index":"index","follow":"follow","max-snippet":"max-snippet:-1","max-image-preview":"max-image-preview:large","max-video-preview":"max-video-preview:-1"},"canonical":"Un cours de yoga Hatha est un style traditionnel de yoga qui se concentre sur les postures physiques (asanas) et les techniques de respiration (pranayama). La pratique est con\u00e7ue pour \u00e9quilibrer le corps et l'esprit, et pour favoriser la force physique, la flexibilit\u00e9 et la relaxation.&nbsp; &nbsp; Les cours de yoga Hatha impliquent g\u00e9n\u00e9ralement de&hellip;","og_locale":"fr_CA","og_type":"article","og_title":"HATHA YOGA","og_description":"Un cours de yoga Hatha est un style traditionnel de yoga qui se concentre sur les postures physiques (asanas) et les techniques de respiration (pranayama). La pratique est con\u00e7ue pour \u00e9quilibrer le corps et l'esprit, et pour favoriser la force physique, la flexibilit\u00e9 et la relaxation.&nbsp; &nbsp; Les cours de yoga Hatha impliquent g\u00e9n\u00e9ralement de&hellip;","og_url":"https:\/\/www.180espace.com\/fr\/hatha-yoga-fr\/","og_site_name":"180Espace","article_publisher":"https:\/\/www.facebook.com\/180Espace","article_modified_time":"2025-06-06T18:35:36+00:00","og_image":[{"url":"https:\/\/www.180espace.com\/wp-content\/uploads\/2023\/07\/hatha-1.png","type":"","width":"","height":""}],"twitter_card":"summary_large_image","twitter_misc":{"Estimation du temps de lecture":"2 minutes"},"schema":{"@context":"https:\/\/schema.org","@graph":[{"@type":"WebPage","@id":"https:\/\/www.180espace.com\/fr\/hatha-yoga-fr\/","url":"https:\/\/www.180espace.com\/fr\/hatha-yoga-fr\/","name":"HATHA YOGA - 180Espace","isPartOf":{"@id":"https:\/\/www.180espace.com\/#website"},"primaryImageOfPage":{"@id":"https:\/\/www.180espace.com\/fr\/hatha-yoga-fr\/#primaryimage"},"image":{"@id":"https:\/\/www.180espace.com\/fr\/hatha-yoga-fr\/#primaryimage"},"thumbnailUrl":"https:\/\/www.180espace.com\/wp-content\/uploads\/2023\/07\/hatha-1.png","datePublished":"2023-07-02T21:41:11+00:00","dateModified":"2025-06-06T18:35:36+00:00","breadcrumb":{"@id":"https:\/\/www.180espace.com\/fr\/hatha-yoga-fr\/#breadcrumb"},"inLanguage":"fr-CA","potentialAction":[{"@type":"ReadAction","target":["https:\/\/www.180espace.com\/fr\/hatha-yoga-fr\/"]}]},{"@type":"ImageObject","inLanguage":"fr-CA","@id":"https:\/\/www.180espace.com\/fr\/hatha-yoga-fr\/#primaryimage","url":"https:\/\/www.180espace.com\/wp-content\/uploads\/2023\/07\/hatha-1.png","contentUrl":"https:\/\/www.180espace.com\/wp-content\/uploads\/2023\/07\/hatha-1.png"},{"@type":"BreadcrumbList","@id":"https:\/\/www.180espace.com\/fr\/hatha-yoga-fr\/#breadcrumb","itemListElement":[{"@type":"ListItem","position":1,"name":"home","item":"https:\/\/www.180espace.com\/"},{"@type":"ListItem","position":2,"name":"HATHA YOGA"}]},{"@type":"WebSite","@id":"https:\/\/www.180espace.com\/fr\/#website","url":"https:\/\/www.180espace.com\/fr\/","name":"180Espace Holistic Yoga","description":"BE YOUR OWN INSPIRATION awaken your magic.","publisher":{"@id":"https:\/\/www.180espace.com\/fr\/#organization"},"potentialAction":[{"@type":"SearchAction","target":{"@type":"EntryPoint","urlTemplate":"https:\/\/www.180espace.com\/fr\/?s={search_term_string}"},"query-input":{"@type":"PropertyValueSpecification","valueRequired":true,"valueName":"search_term_string"}}],"inLanguage":"fr-CA"},{"@type":"Organization","@id":"https:\/\/www.180espace.com\/fr\/#organization","name":"180Espace","url":"https:\/\/www.180espace.com\/fr\/","logo":{"@type":"ImageObject","inLanguage":"fr-CA","@id":"https:\/\/www.180espace.com\/fr\/#\/schema\/logo\/image\/","url":"https:\/\/www.180espace.com\/wp-content\/uploads\/2023\/06\/cropped-logo_final_4-1.png","contentUrl":"https:\/\/www.180espace.com\/wp-content\/uploads\/2023\/06\/cropped-logo_final_4-1.png","width":2152,"height":769,"caption":"180Espace"},"image":{"@id":"https:\/\/www.180espace.com\/fr\/#\/schema\/logo\/image\/"},"sameAs":["https:\/\/www.facebook.com\/180Espace","https:\/\/www.instagram.com\/180espace\/","https:\/\/www.tiktok.com\/@180espace?_t=8jfdmdXrhHq&_r=1","https:\/\/www.linkedin.com\/company\/180espace\/about\/"]}]}},"_links":{"self":[{"href":"https:\/\/www.180espace.com\/fr\/wp-json\/wp\/v2\/pages\/147","targetHints":{"allow":["GET"]}}],"collection":[{"href":"https:\/\/www.180espace.com\/fr\/wp-json\/wp\/v2\/pages"}],"about":[{"href":"https:\/\/www.180espace.com\/fr\/wp-json\/wp\/v2\/types\/page"}],"author":[{"embeddable":true,"href":"https:\/\/www.180espace.com\/fr\/wp-json\/wp\/v2\/users\/1"}],"replies":[{"embeddable":true,"href":"https:\/\/www.180espace.com\/fr\/wp-json\/wp\/v2\/comments?post=147"}],"version-history":[{"count":0,"href":"https:\/\/www.180espace.com\/fr\/wp-json\/wp\/v2\/pages\/147\/revisions"}],"wp:attachment":[{"href":"https:\/\/www.180espace.com\/fr\/wp-json\/wp\/v2\/media?parent=147"}],"curies":[{"name":"wp","href":"https:\/\/api.w.org\/{rel}","templated":true}]}}