{"id":284,"date":"2023-07-21T03:57:00","date_gmt":"2023-07-21T03:57:00","guid":{"rendered":"https:\/\/www.180espace.com\/?page_id=284"},"modified":"2025-06-06T14:34:12","modified_gmt":"2025-06-06T18:34:12","slug":"cacao-yoga","status":"publish","type":"page","link":"https:\/\/www.180espace.com\/fr\/cacao-yoga\/","title":{"rendered":"COCOA & YOGA"},"content":{"rendered":"\t\t<div data-elementor-type=\"wp-page\" data-elementor-id=\"284\" class=\"elementor elementor-284\" data-elementor-post-type=\"page\">\n\t\t\t\t\t\t<section class=\"elementor-section elementor-top-section elementor-element elementor-element-a1e61a5 elementor-section-boxed elementor-section-height-default elementor-section-height-default\" data-id=\"a1e61a5\" data-element_type=\"section\" data-e-type=\"section\">\n\t\t\t\t\t\t<div class=\"elementor-container elementor-column-gap-default\">\n\t\t\t\t\t<div class=\"elementor-column elementor-col-100 elementor-top-column elementor-element elementor-element-6e38fab\" data-id=\"6e38fab\" data-element_type=\"column\" data-e-type=\"column\">\n\t\t\t<div class=\"elementor-widget-wrap elementor-element-populated\">\n\t\t\t\t\t\t<div class=\"elementor-element elementor-element-b0167c3 elementor-widget elementor-widget-spacer\" data-id=\"b0167c3\" data-element_type=\"widget\" data-e-type=\"widget\" data-widget_type=\"spacer.default\">\n\t\t\t\t<div class=\"elementor-widget-container\">\n\t\t\t\t\t\t\t<div class=\"elementor-spacer\">\n\t\t\t<div class=\"elementor-spacer-inner\"><\/div>\n\t\t<\/div>\n\t\t\t\t\t\t<\/div>\n\t\t\t\t<\/div>\n\t\t\t\t\t<\/div>\n\t\t<\/div>\n\t\t\t\t\t<\/div>\n\t\t<\/section>\n\t\t\t\t<section class=\"elementor-section elementor-top-section elementor-element elementor-element-99216a6 elementor-section-boxed elementor-section-height-default elementor-section-height-default\" data-id=\"99216a6\" data-element_type=\"section\" data-e-type=\"section\">\n\t\t\t\t\t\t<div class=\"elementor-container elementor-column-gap-default\">\n\t\t\t\t\t<div class=\"elementor-column elementor-col-100 elementor-top-column elementor-element elementor-element-889bd93\" data-id=\"889bd93\" data-element_type=\"column\" data-e-type=\"column\">\n\t\t\t<div class=\"elementor-widget-wrap elementor-element-populated\">\n\t\t\t\t\t\t<div class=\"elementor-element elementor-element-1bc066a elementor-widget elementor-widget-heading\" data-id=\"1bc066a\" data-element_type=\"widget\" data-e-type=\"widget\" data-widget_type=\"heading.default\">\n\t\t\t\t<div class=\"elementor-widget-container\">\n\t\t\t\t\t<h2 class=\"elementor-heading-title elementor-size-xxl\">CACAO ET YOGA<\/h2>\t\t\t\t<\/div>\n\t\t\t\t<\/div>\n\t\t\t\t\t<\/div>\n\t\t<\/div>\n\t\t\t\t\t<\/div>\n\t\t<\/section>\n\t\t\t\t<section class=\"elementor-section elementor-top-section elementor-element elementor-element-0163ce1 elementor-section-boxed elementor-section-height-default elementor-section-height-default\" data-id=\"0163ce1\" data-element_type=\"section\" data-e-type=\"section\">\n\t\t\t\t\t\t<div class=\"elementor-container elementor-column-gap-default\">\n\t\t\t\t\t<div class=\"elementor-column elementor-col-100 elementor-top-column elementor-element elementor-element-eedd3b7\" data-id=\"eedd3b7\" data-element_type=\"column\" data-e-type=\"column\">\n\t\t\t<div class=\"elementor-widget-wrap elementor-element-populated\">\n\t\t\t\t\t\t<div class=\"elementor-element elementor-element-6a20bbb elementor-arrows-position-inside elementor-pagination-position-outside elementor-widget elementor-widget-image-carousel\" data-id=\"6a20bbb\" data-element_type=\"widget\" data-e-type=\"widget\" data-settings=\"{&quot;slides_to_show&quot;:&quot;1&quot;,&quot;navigation&quot;:&quot;both&quot;,&quot;autoplay&quot;:&quot;yes&quot;,&quot;pause_on_hover&quot;:&quot;yes&quot;,&quot;pause_on_interaction&quot;:&quot;yes&quot;,&quot;autoplay_speed&quot;:5000,&quot;infinite&quot;:&quot;yes&quot;,&quot;effect&quot;:&quot;slide&quot;,&quot;speed&quot;:500}\" data-widget_type=\"image-carousel.default\">\n\t\t\t\t<div class=\"elementor-widget-container\">\n\t\t\t\t\t\t\t<div class=\"elementor-image-carousel-wrapper swiper\" role=\"region\" aria-roledescription=\"carousel\" aria-label=\"Image Carousel\" dir=\"ltr\">\n\t\t\t<div class=\"elementor-image-carousel swiper-wrapper\" aria-live=\"off\">\n\t\t\t\t\t\t\t\t<div class=\"swiper-slide\" role=\"group\" aria-roledescription=\"slide\" aria-label=\"1 of 2\"><figure class=\"swiper-slide-inner\"><img decoding=\"async\" class=\"swiper-slide-image\" src=\"https:\/\/www.180espace.com\/wp-content\/uploads\/2023\/07\/CACAO-ingles.png\" alt=\"CACAO ingles\" \/><\/figure><\/div><div class=\"swiper-slide\" role=\"group\" aria-roledescription=\"slide\" aria-label=\"2 of 2\"><figure class=\"swiper-slide-inner\"><img decoding=\"async\" class=\"swiper-slide-image\" src=\"https:\/\/www.180espace.com\/wp-content\/uploads\/2023\/07\/CACAO-FR.png\" alt=\"CACAO FR\" \/><\/figure><\/div>\t\t\t<\/div>\n\t\t\t\t\t\t\t\t\t\t\t\t<div class=\"elementor-swiper-button elementor-swiper-button-prev\" role=\"button\" tabindex=\"0\">\n\t\t\t\t\t\t<i aria-hidden=\"true\" class=\"eicon-chevron-left\"><\/i>\t\t\t\t\t<\/div>\n\t\t\t\t\t<div class=\"elementor-swiper-button elementor-swiper-button-next\" role=\"button\" tabindex=\"0\">\n\t\t\t\t\t\t<i aria-hidden=\"true\" class=\"eicon-chevron-right\"><\/i>\t\t\t\t\t<\/div>\n\t\t\t\t\n\t\t\t\t\t\t\t\t\t<div class=\"swiper-pagination\"><\/div>\n\t\t\t\t\t\t\t\t\t<\/div>\n\t\t\t\t\t\t<\/div>\n\t\t\t\t<\/div>\n\t\t\t\t<div class=\"elementor-element elementor-element-b73854e elementor-widget elementor-widget-text-editor\" data-id=\"b73854e\" data-element_type=\"widget\" data-e-type=\"widget\" data-widget_type=\"text-editor.default\">\n\t\t\t\t<div class=\"elementor-widget-container\">\n\t\t\t\t\t\t\t\t\t<div>Bienvenue dans l&rsquo;art sacr\u00e9 du cacao c\u00e9r\u00e9monial et du yoga !<\/div><div>Lors de notre c\u00e9r\u00e9monie du cacao, nous cr\u00e9ons un espace magnifique et intentionnel pour vous permettre de vous connecter \u00e0 l&rsquo;\u00e9nergie sacr\u00e9e du cacao. Ce voyage vous permet d&rsquo;\u00e9veiller votre sagesse int\u00e9rieure, votre intuition et votre guidance, favorisant une connexion profonde entre vous et le cacao.<\/div><div>En combinant le cacao et le yoga, vous avez l&rsquo;opportunit\u00e9 de gu\u00e9rir votre esprit et votre corps. Cet esprit v\u00e9g\u00e9tal puissant mais doux du cacao encourage le pardon, l&rsquo;acceptation et ouvre votre cr\u00e9ativit\u00e9. Il n&rsquo;est pas \u00e9tonnant que les artistes de toutes sortes soient attir\u00e9s par sa magie.<\/div><div>\u00a0<\/div><div>Que vous soyez un habitu\u00e9 des c\u00e9r\u00e9monies ou nouveau dans cette exp\u00e9rience, notre c\u00e9r\u00e9monie de cacao et de yoga ouvrira un monde de possibilit\u00e9s pour vous. C&rsquo;est une occasion de vous r\u00e9\u00e9quilibrer int\u00e9rieurement, de lib\u00e9rer la n\u00e9gativit\u00e9 et de restaurer votre \u00eatre. Cette c\u00e9r\u00e9monie de gu\u00e9rison spirituelle vous aidera \u00e0 cr\u00e9er des connexions significatives et \u00e0 fournir un espace de r\u00e9flexion sur vous-m\u00eame.<\/div><div>\u00a0<\/div><div>Nous vous invitons \u00e0 nous rejoindre dans ce voyage transformateur lors de notre atelier de 90 minutes qui se d\u00e9roule \u00e0 l&rsquo;Espace Be. Le prix de cette exp\u00e9rience est de <strong>70 $ CAD<\/strong>, taxes non incluses.<\/div><div>\u00a0<\/div><div>Ne manquez pas cette occasion de vous connecter \u00e0 l&rsquo;art sacr\u00e9 du cacao c\u00e9r\u00e9monial et du yoga. R\u00e9servez votre place d\u00e8s aujourd&rsquo;hui et parcourez le chemin de le d\u00e9couverte de\u00a0 soi et de le gu\u00e9rison.<\/div><div>\u00a0<\/div><div><strong>4e samedi du mois de 15h00 \u00e0 16h30.<\/strong><\/div>\t\t\t\t\t\t\t\t<\/div>\n\t\t\t\t<\/div>\n\t\t\t\t\t<\/div>\n\t\t<\/div>\n\t\t\t\t\t<\/div>\n\t\t<\/section>\n\t\t\t\t<\/div>\n\t\t","protected":false},"excerpt":{"rendered":"<p>COCOA &amp; YOGA Welcome to the sacred art of ceremonial cocoa and yoga!At our cocoa ceremony, we create a beautiful and intentional space for you to connect with the sacred energy of cocoa. This journey allows you to awaken your inner wisdom, intuition, and guidance, fostering a deep connection between you and the cocoa.By combining [&hellip;]<\/p>\n","protected":false},"author":1,"featured_media":0,"parent":0,"menu_order":0,"comment_status":"closed","ping_status":"closed","template":"","meta":{"hide_page_title":"enabled","_coblocks_attr":"","_coblocks_dimensions":"","_coblocks_responsive_height":"","_coblocks_accordion_ie_support":"","footnotes":""},"class_list":["post-284","page","type-page","status-publish","hentry"],"yoast_head":"<!-- This site is optimized with the Yoast SEO plugin v27.4 - https:\/\/yoast.com\/product\/yoast-seo-wordpress\/ -->\n<title>COCOA &amp; YOGA<\/title>\n<meta name=\"description\" content=\"COCOA &amp; YOGA Welcome to the sacred art of ceremonial cocoa and yoga!At our cocoa ceremony, we create a beautiful and intentional space for you to connect with the sacred energy of cocoa. This journey allows you to awaken your inner wisdom, intuition, and guidance, fostering a deep connection between you and the cocoa.By combining&hellip;\" \/>\n<meta name=\"robots\" content=\"index, follow, max-snippet:-1, max-image-preview:large, max-video-preview:-1\" \/>\n<link rel=\"canonical\" href=\"http:\/\/COCOA%20&amp;%20YOGA%20Welcome%20to%20the%20sacred%20art%20of%20ceremonial%20cocoa%20and%20yoga!At%20our%20cocoa%20ceremony,%20we%20create%20a%20beautiful%20and%20intentional%20space%20for%20you%20to%20connect%20with%20the%20sacred%20energy%20of%20cocoa.%20This%20journey%20allows%20you%20to%20awaken%20your%20inner%20wisdom,%20intuition,%20and%20guidance,%20fostering%20a%20deep%20connection%20between%20you%20and%20the%20cocoa.By%20combining&hellip;\" \/>\n<meta property=\"og:locale\" content=\"fr_CA\" \/>\n<meta property=\"og:type\" content=\"article\" \/>\n<meta property=\"og:title\" content=\"COCOA &amp; YOGA\" \/>\n<meta property=\"og:description\" content=\"COCOA &amp; YOGA Welcome to the sacred art of ceremonial cocoa and yoga!At our cocoa ceremony, we create a beautiful and intentional space for you to connect with the sacred energy of cocoa. This journey allows you to awaken your inner wisdom, intuition, and guidance, fostering a deep connection between you and the cocoa.By combining&hellip;\" \/>\n<meta property=\"og:url\" content=\"https:\/\/www.180espace.com\/fr\/cacao-yoga\/\" \/>\n<meta property=\"og:site_name\" content=\"180Espace\" \/>\n<meta property=\"article:publisher\" content=\"https:\/\/www.facebook.com\/180Espace\" \/>\n<meta property=\"article:modified_time\" content=\"2025-06-06T18:34:12+00:00\" \/>\n<meta property=\"og:image\" content=\"https:\/\/www.180espace.com\/wp-content\/uploads\/2023\/07\/CACAO-ingles.png\" \/>\n<meta name=\"twitter:card\" content=\"summary_large_image\" \/>\n<meta name=\"twitter:label1\" content=\"Estimation du temps de lecture\" \/>\n\t<meta name=\"twitter:data1\" content=\"2 minutes\" \/>\n<script type=\"application\/ld+json\" class=\"yoast-schema-graph\">{\"@context\":\"https:\\\/\\\/schema.org\",\"@graph\":[{\"@type\":\"WebPage\",\"@id\":\"https:\\\/\\\/www.180espace.com\\\/fr\\\/cacao-yoga\\\/\",\"url\":\"https:\\\/\\\/www.180espace.com\\\/fr\\\/cacao-yoga\\\/\",\"name\":\"COCOA & YOGA - 180Espace\",\"isPartOf\":{\"@id\":\"https:\\\/\\\/www.180espace.com\\\/#website\"},\"primaryImageOfPage\":{\"@id\":\"https:\\\/\\\/www.180espace.com\\\/fr\\\/cacao-yoga\\\/#primaryimage\"},\"image\":{\"@id\":\"https:\\\/\\\/www.180espace.com\\\/fr\\\/cacao-yoga\\\/#primaryimage\"},\"thumbnailUrl\":\"https:\\\/\\\/www.180espace.com\\\/wp-content\\\/uploads\\\/2023\\\/07\\\/CACAO-ingles.png\",\"datePublished\":\"2023-07-21T03:57:00+00:00\",\"dateModified\":\"2025-06-06T18:34:12+00:00\",\"breadcrumb\":{\"@id\":\"https:\\\/\\\/www.180espace.com\\\/fr\\\/cacao-yoga\\\/#breadcrumb\"},\"inLanguage\":\"fr-CA\",\"potentialAction\":[{\"@type\":\"ReadAction\",\"target\":[\"https:\\\/\\\/www.180espace.com\\\/fr\\\/cacao-yoga\\\/\"]}]},{\"@type\":\"ImageObject\",\"inLanguage\":\"fr-CA\",\"@id\":\"https:\\\/\\\/www.180espace.com\\\/fr\\\/cacao-yoga\\\/#primaryimage\",\"url\":\"https:\\\/\\\/www.180espace.com\\\/wp-content\\\/uploads\\\/2023\\\/07\\\/CACAO-ingles.png\",\"contentUrl\":\"https:\\\/\\\/www.180espace.com\\\/wp-content\\\/uploads\\\/2023\\\/07\\\/CACAO-ingles.png\"},{\"@type\":\"BreadcrumbList\",\"@id\":\"https:\\\/\\\/www.180espace.com\\\/fr\\\/cacao-yoga\\\/#breadcrumb\",\"itemListElement\":[{\"@type\":\"ListItem\",\"position\":1,\"name\":\"home\",\"item\":\"https:\\\/\\\/www.180espace.com\\\/\"},{\"@type\":\"ListItem\",\"position\":2,\"name\":\"COCOA & YOGA\"}]},{\"@type\":\"WebSite\",\"@id\":\"https:\\\/\\\/www.180espace.com\\\/fr\\\/#website\",\"url\":\"https:\\\/\\\/www.180espace.com\\\/fr\\\/\",\"name\":\"180Espace Holistic Yoga\",\"description\":\"BE YOUR OWN INSPIRATION awaken your magic.\",\"publisher\":{\"@id\":\"https:\\\/\\\/www.180espace.com\\\/fr\\\/#organization\"},\"potentialAction\":[{\"@type\":\"SearchAction\",\"target\":{\"@type\":\"EntryPoint\",\"urlTemplate\":\"https:\\\/\\\/www.180espace.com\\\/fr\\\/?s={search_term_string}\"},\"query-input\":{\"@type\":\"PropertyValueSpecification\",\"valueRequired\":true,\"valueName\":\"search_term_string\"}}],\"inLanguage\":\"fr-CA\"},{\"@type\":\"Organization\",\"@id\":\"https:\\\/\\\/www.180espace.com\\\/fr\\\/#organization\",\"name\":\"180Espace\",\"url\":\"https:\\\/\\\/www.180espace.com\\\/fr\\\/\",\"logo\":{\"@type\":\"ImageObject\",\"inLanguage\":\"fr-CA\",\"@id\":\"https:\\\/\\\/www.180espace.com\\\/fr\\\/#\\\/schema\\\/logo\\\/image\\\/\",\"url\":\"https:\\\/\\\/www.180espace.com\\\/wp-content\\\/uploads\\\/2023\\\/06\\\/cropped-logo_final_4-1.png\",\"contentUrl\":\"https:\\\/\\\/www.180espace.com\\\/wp-content\\\/uploads\\\/2023\\\/06\\\/cropped-logo_final_4-1.png\",\"width\":2152,\"height\":769,\"caption\":\"180Espace\"},\"image\":{\"@id\":\"https:\\\/\\\/www.180espace.com\\\/fr\\\/#\\\/schema\\\/logo\\\/image\\\/\"},\"sameAs\":[\"https:\\\/\\\/www.facebook.com\\\/180Espace\",\"https:\\\/\\\/www.instagram.com\\\/180espace\\\/\",\"https:\\\/\\\/www.tiktok.com\\\/@180espace?_t=8jfdmdXrhHq&_r=1\",\"https:\\\/\\\/www.linkedin.com\\\/company\\\/180espace\\\/about\\\/\"]}]}<\/script>\n<!-- \/ Yoast SEO plugin. -->","yoast_head_json":{"title":"COCOA & YOGA","description":"COCOA &amp; YOGA Welcome to the sacred art of ceremonial cocoa and yoga!At our cocoa ceremony, we create a beautiful and intentional space for you to connect with the sacred energy of cocoa. This journey allows you to awaken your inner wisdom, intuition, and guidance, fostering a deep connection between you and the cocoa.By combining&hellip;","robots":{"index":"index","follow":"follow","max-snippet":"max-snippet:-1","max-image-preview":"max-image-preview:large","max-video-preview":"max-video-preview:-1"},"canonical":"COCOA &amp; YOGA Welcome to the sacred art of ceremonial cocoa and yoga!At our cocoa ceremony, we create a beautiful and intentional space for you to connect with the sacred energy of cocoa. This journey allows you to awaken your inner wisdom, intuition, and guidance, fostering a deep connection between you and the cocoa.By combining&hellip;","og_locale":"fr_CA","og_type":"article","og_title":"COCOA & YOGA","og_description":"COCOA &amp; YOGA Welcome to the sacred art of ceremonial cocoa and yoga!At our cocoa ceremony, we create a beautiful and intentional space for you to connect with the sacred energy of cocoa. This journey allows you to awaken your inner wisdom, intuition, and guidance, fostering a deep connection between you and the cocoa.By combining&hellip;","og_url":"https:\/\/www.180espace.com\/fr\/cacao-yoga\/","og_site_name":"180Espace","article_publisher":"https:\/\/www.facebook.com\/180Espace","article_modified_time":"2025-06-06T18:34:12+00:00","og_image":[{"url":"https:\/\/www.180espace.com\/wp-content\/uploads\/2023\/07\/CACAO-ingles.png","type":"","width":"","height":""}],"twitter_card":"summary_large_image","twitter_misc":{"Estimation du temps de lecture":"2 minutes"},"schema":{"@context":"https:\/\/schema.org","@graph":[{"@type":"WebPage","@id":"https:\/\/www.180espace.com\/fr\/cacao-yoga\/","url":"https:\/\/www.180espace.com\/fr\/cacao-yoga\/","name":"COCOA & YOGA - 180Espace","isPartOf":{"@id":"https:\/\/www.180espace.com\/#website"},"primaryImageOfPage":{"@id":"https:\/\/www.180espace.com\/fr\/cacao-yoga\/#primaryimage"},"image":{"@id":"https:\/\/www.180espace.com\/fr\/cacao-yoga\/#primaryimage"},"thumbnailUrl":"https:\/\/www.180espace.com\/wp-content\/uploads\/2023\/07\/CACAO-ingles.png","datePublished":"2023-07-21T03:57:00+00:00","dateModified":"2025-06-06T18:34:12+00:00","breadcrumb":{"@id":"https:\/\/www.180espace.com\/fr\/cacao-yoga\/#breadcrumb"},"inLanguage":"fr-CA","potentialAction":[{"@type":"ReadAction","target":["https:\/\/www.180espace.com\/fr\/cacao-yoga\/"]}]},{"@type":"ImageObject","inLanguage":"fr-CA","@id":"https:\/\/www.180espace.com\/fr\/cacao-yoga\/#primaryimage","url":"https:\/\/www.180espace.com\/wp-content\/uploads\/2023\/07\/CACAO-ingles.png","contentUrl":"https:\/\/www.180espace.com\/wp-content\/uploads\/2023\/07\/CACAO-ingles.png"},{"@type":"BreadcrumbList","@id":"https:\/\/www.180espace.com\/fr\/cacao-yoga\/#breadcrumb","itemListElement":[{"@type":"ListItem","position":1,"name":"home","item":"https:\/\/www.180espace.com\/"},{"@type":"ListItem","position":2,"name":"COCOA & YOGA"}]},{"@type":"WebSite","@id":"https:\/\/www.180espace.com\/fr\/#website","url":"https:\/\/www.180espace.com\/fr\/","name":"180Espace Holistic Yoga","description":"BE YOUR OWN INSPIRATION awaken your magic.","publisher":{"@id":"https:\/\/www.180espace.com\/fr\/#organization"},"potentialAction":[{"@type":"SearchAction","target":{"@type":"EntryPoint","urlTemplate":"https:\/\/www.180espace.com\/fr\/?s={search_term_string}"},"query-input":{"@type":"PropertyValueSpecification","valueRequired":true,"valueName":"search_term_string"}}],"inLanguage":"fr-CA"},{"@type":"Organization","@id":"https:\/\/www.180espace.com\/fr\/#organization","name":"180Espace","url":"https:\/\/www.180espace.com\/fr\/","logo":{"@type":"ImageObject","inLanguage":"fr-CA","@id":"https:\/\/www.180espace.com\/fr\/#\/schema\/logo\/image\/","url":"https:\/\/www.180espace.com\/wp-content\/uploads\/2023\/06\/cropped-logo_final_4-1.png","contentUrl":"https:\/\/www.180espace.com\/wp-content\/uploads\/2023\/06\/cropped-logo_final_4-1.png","width":2152,"height":769,"caption":"180Espace"},"image":{"@id":"https:\/\/www.180espace.com\/fr\/#\/schema\/logo\/image\/"},"sameAs":["https:\/\/www.facebook.com\/180Espace","https:\/\/www.instagram.com\/180espace\/","https:\/\/www.tiktok.com\/@180espace?_t=8jfdmdXrhHq&_r=1","https:\/\/www.linkedin.com\/company\/180espace\/about\/"]}]}},"_links":{"self":[{"href":"https:\/\/www.180espace.com\/fr\/wp-json\/wp\/v2\/pages\/284","targetHints":{"allow":["GET"]}}],"collection":[{"href":"https:\/\/www.180espace.com\/fr\/wp-json\/wp\/v2\/pages"}],"about":[{"href":"https:\/\/www.180espace.com\/fr\/wp-json\/wp\/v2\/types\/page"}],"author":[{"embeddable":true,"href":"https:\/\/www.180espace.com\/fr\/wp-json\/wp\/v2\/users\/1"}],"replies":[{"embeddable":true,"href":"https:\/\/www.180espace.com\/fr\/wp-json\/wp\/v2\/comments?post=284"}],"version-history":[{"count":0,"href":"https:\/\/www.180espace.com\/fr\/wp-json\/wp\/v2\/pages\/284\/revisions"}],"wp:attachment":[{"href":"https:\/\/www.180espace.com\/fr\/wp-json\/wp\/v2\/media?parent=284"}],"curies":[{"name":"wp","href":"https:\/\/api.w.org\/{rel}","templated":true}]}}