{"id":289,"date":"2023-07-21T04:53:32","date_gmt":"2023-07-21T04:53:32","guid":{"rendered":"https:\/\/www.180espace.com\/?page_id=289"},"modified":"2025-06-06T14:34:51","modified_gmt":"2025-06-06T18:34:51","slug":"aligning-chakrasligning-chakras","status":"publish","type":"page","link":"https:\/\/www.180espace.com\/fr\/aligning-chakrasligning-chakras\/","title":{"rendered":"ALIGNING CHAKRAS"},"content":{"rendered":"\t\t<div data-elementor-type=\"wp-page\" data-elementor-id=\"289\" class=\"elementor elementor-289\" data-elementor-post-type=\"page\">\n\t\t\t\t\t\t<section class=\"elementor-section elementor-top-section elementor-element elementor-element-847d441 elementor-section-boxed elementor-section-height-default elementor-section-height-default\" data-id=\"847d441\" data-element_type=\"section\" data-e-type=\"section\">\n\t\t\t\t\t\t<div class=\"elementor-container elementor-column-gap-default\">\n\t\t\t\t\t<div class=\"elementor-column elementor-col-100 elementor-top-column elementor-element elementor-element-3440590\" data-id=\"3440590\" data-element_type=\"column\" data-e-type=\"column\">\n\t\t\t<div class=\"elementor-widget-wrap elementor-element-populated\">\n\t\t\t\t\t\t<div class=\"elementor-element elementor-element-b79dcc4 elementor-widget elementor-widget-spacer\" data-id=\"b79dcc4\" data-element_type=\"widget\" data-e-type=\"widget\" data-widget_type=\"spacer.default\">\n\t\t\t\t<div class=\"elementor-widget-container\">\n\t\t\t\t\t\t\t<div class=\"elementor-spacer\">\n\t\t\t<div class=\"elementor-spacer-inner\"><\/div>\n\t\t<\/div>\n\t\t\t\t\t\t<\/div>\n\t\t\t\t<\/div>\n\t\t\t\t\t<\/div>\n\t\t<\/div>\n\t\t\t\t\t<\/div>\n\t\t<\/section>\n\t\t\t\t<section class=\"elementor-section elementor-top-section elementor-element elementor-element-0dea64d elementor-section-boxed elementor-section-height-default elementor-section-height-default\" data-id=\"0dea64d\" data-element_type=\"section\" data-e-type=\"section\">\n\t\t\t\t\t\t<div class=\"elementor-container elementor-column-gap-default\">\n\t\t\t\t\t<div class=\"elementor-column elementor-col-100 elementor-top-column elementor-element elementor-element-efcf834\" data-id=\"efcf834\" data-element_type=\"column\" data-e-type=\"column\">\n\t\t\t<div class=\"elementor-widget-wrap elementor-element-populated\">\n\t\t\t\t\t\t<div class=\"elementor-element elementor-element-2e675d0 elementor-widget elementor-widget-heading\" data-id=\"2e675d0\" data-element_type=\"widget\" data-e-type=\"widget\" data-widget_type=\"heading.default\">\n\t\t\t\t<div class=\"elementor-widget-container\">\n\t\t\t\t\t<h2 class=\"elementor-heading-title elementor-size-xxl\">ALIGNEMENT DES CHAKRAS<\/h2>\t\t\t\t<\/div>\n\t\t\t\t<\/div>\n\t\t\t\t<div class=\"elementor-element elementor-element-f8862aa elementor-arrows-position-inside elementor-pagination-position-outside elementor-widget elementor-widget-image-carousel\" data-id=\"f8862aa\" data-element_type=\"widget\" data-e-type=\"widget\" data-settings=\"{&quot;slides_to_show&quot;:&quot;1&quot;,&quot;navigation&quot;:&quot;both&quot;,&quot;autoplay&quot;:&quot;yes&quot;,&quot;pause_on_hover&quot;:&quot;yes&quot;,&quot;pause_on_interaction&quot;:&quot;yes&quot;,&quot;autoplay_speed&quot;:5000,&quot;infinite&quot;:&quot;yes&quot;,&quot;effect&quot;:&quot;slide&quot;,&quot;speed&quot;:500}\" data-widget_type=\"image-carousel.default\">\n\t\t\t\t<div class=\"elementor-widget-container\">\n\t\t\t\t\t\t\t<div class=\"elementor-image-carousel-wrapper swiper\" role=\"region\" aria-roledescription=\"carousel\" aria-label=\"Image Carousel\" dir=\"ltr\">\n\t\t\t<div class=\"elementor-image-carousel swiper-wrapper\" aria-live=\"off\">\n\t\t\t\t\t\t\t\t<div class=\"swiper-slide\" role=\"group\" aria-roledescription=\"slide\" aria-label=\"1 of 2\"><figure class=\"swiper-slide-inner\"><img decoding=\"async\" class=\"swiper-slide-image\" src=\"https:\/\/www.180espace.com\/wp-content\/uploads\/2023\/07\/CHAKRA-2.png\" alt=\"CHAKRA\" \/><\/figure><\/div><div class=\"swiper-slide\" role=\"group\" aria-roledescription=\"slide\" aria-label=\"2 of 2\"><figure class=\"swiper-slide-inner\"><img decoding=\"async\" class=\"swiper-slide-image\" src=\"https:\/\/www.180espace.com\/wp-content\/uploads\/2023\/07\/CHAKRA-FR.png\" alt=\"CHAKRA FR\" \/><\/figure><\/div>\t\t\t<\/div>\n\t\t\t\t\t\t\t\t\t\t\t\t<div class=\"elementor-swiper-button elementor-swiper-button-prev\" role=\"button\" tabindex=\"0\">\n\t\t\t\t\t\t<i aria-hidden=\"true\" class=\"eicon-chevron-left\"><\/i>\t\t\t\t\t<\/div>\n\t\t\t\t\t<div class=\"elementor-swiper-button elementor-swiper-button-next\" role=\"button\" tabindex=\"0\">\n\t\t\t\t\t\t<i aria-hidden=\"true\" class=\"eicon-chevron-right\"><\/i>\t\t\t\t\t<\/div>\n\t\t\t\t\n\t\t\t\t\t\t\t\t\t<div class=\"swiper-pagination\"><\/div>\n\t\t\t\t\t\t\t\t\t<\/div>\n\t\t\t\t\t\t<\/div>\n\t\t\t\t<\/div>\n\t\t\t\t\t<\/div>\n\t\t<\/div>\n\t\t\t\t\t<\/div>\n\t\t<\/section>\n\t\t\t\t<section class=\"elementor-section elementor-top-section elementor-element elementor-element-615d5d4 elementor-section-boxed elementor-section-height-default elementor-section-height-default\" data-id=\"615d5d4\" data-element_type=\"section\" data-e-type=\"section\">\n\t\t\t\t\t\t<div class=\"elementor-container elementor-column-gap-default\">\n\t\t\t\t\t<div class=\"elementor-column elementor-col-100 elementor-top-column elementor-element elementor-element-95e10e8\" data-id=\"95e10e8\" data-element_type=\"column\" data-e-type=\"column\">\n\t\t\t<div class=\"elementor-widget-wrap elementor-element-populated\">\n\t\t\t\t\t\t<div class=\"elementor-element elementor-element-677ed49 elementor-widget elementor-widget-text-editor\" data-id=\"677ed49\" data-element_type=\"widget\" data-e-type=\"widget\" data-widget_type=\"text-editor.default\">\n\t\t\t\t<div class=\"elementor-widget-container\">\n\t\t\t\t\t\t\t\t\t<div>Bienvenue dans notre cours de d&rsquo;Alignement des Chakras !<\/div><div>Rejoignez-nous pour un atelier transformateur de <strong>90 minutes<\/strong> qui vous emm\u00e8nera dans un voyage de d\u00e9couverte de soi et d&rsquo;\u00e9quilibre int\u00e9rieur. <strong>De 15h00 \u00e0 16h30<\/strong>, ce cours est con\u00e7u pour approfondir votre conscience et votre compr\u00e9hension des chakras, ces puissants centres d&rsquo;\u00e9nergie en nous.<\/div><div>\u00a0<\/div><div>En explorant les chakras, vous obtiendrez une compr\u00e9hension plus holistique de la connexion complexe entre votre corps physique, \u00e9motionnel et \u00e9nerg\u00e9tique. \u00c0 travers diff\u00e9rentes postures de yoga, exercices de respiration et techniques de m\u00e9ditation, nous vous guiderons vers la lib\u00e9ration des \u00e9nergies bloqu\u00e9es et la cr\u00e9ation d&rsquo;harmonie dans ces domaines. Ce processus nourrira votre bien-\u00eatre physique et \u00e9motionnel, vous permettant de ressentir un plus grand \u00e9quilibre et une plus grande vitalit\u00e9.<\/div><div>\u00a0<\/div><div>Le yoga a de nombreux bienfaits, et l&rsquo;un d&rsquo;entre eux est sa capacit\u00e9 \u00e0 augmenter le flux d&rsquo;\u00e9nergie \u00e0 travers chacun de vos chakras. En apprenant \u00e0 activer et \u00e9quilibrer ces centres d&rsquo;\u00e9nergie, vous influencerez directement votre sant\u00e9 physique, \u00e9motionnelle et spirituelle. En exploitant le pouvoir du yoga, vous pouvez lib\u00e9rer tout votre potentiel et cultiver un sentiment plus profond de paix int\u00e9rieure et de vitalit\u00e9.<\/div><div>\u00a0<\/div><div>Le prix de cet atelier de 90 minutes de Yoga des Chakras est de <strong>70 $ CAD<\/strong> sans taxes. C&rsquo;est un investissement pr\u00e9cieux pour votre bien-\u00eatre et votre croissance personnelle.<\/div><div>\u00a0<\/div><div>Que vous soyez d\u00e9butant ou yogi exp\u00e9riment\u00e9, ce cours de Yoga des Chakras est ouvert \u00e0 tous les niveaux. Nos instructeurs exp\u00e9riment\u00e9s vous fourniront des conseils et un soutien tout au long de l&rsquo;atelier, en veillant \u00e0 ce que vous vous sentiez \u00e0 l&rsquo;aise et habilit\u00e9 dans votre parcours.<\/div><div>\u00a0<\/div><div>Ne manquez pas cette occasion de vous lancer dans une exp\u00e9rience transformative. Inscrivez-vous d\u00e8s aujourd&rsquo;hui \u00e0 notre cours de Yoga des Chakras et commencez votre chemin vers le bien-\u00eatre holistique.<\/div><div>\u00a0<\/div><div><strong>2e samedi du mois de 15h00 \u00e0 16h30.<\/strong><\/div>\t\t\t\t\t\t\t\t<\/div>\n\t\t\t\t<\/div>\n\t\t\t\t\t<\/div>\n\t\t<\/div>\n\t\t\t\t\t<\/div>\n\t\t<\/section>\n\t\t\t\t<section class=\"elementor-section elementor-top-section elementor-element elementor-element-fdad888 elementor-section-boxed elementor-section-height-default elementor-section-height-default\" data-id=\"fdad888\" data-element_type=\"section\" data-e-type=\"section\">\n\t\t\t\t\t\t<div class=\"elementor-container elementor-column-gap-default\">\n\t\t\t\t\t<div class=\"elementor-column elementor-col-100 elementor-top-column elementor-element elementor-element-31649b8\" data-id=\"31649b8\" data-element_type=\"column\" data-e-type=\"column\">\n\t\t\t<div class=\"elementor-widget-wrap\">\n\t\t\t\t\t\t\t<\/div>\n\t\t<\/div>\n\t\t\t\t\t<\/div>\n\t\t<\/section>\n\t\t\t\t<\/div>\n\t\t","protected":false},"excerpt":{"rendered":"<p>ALIGNING CHAKRAS Welcome to our Chakra Yoga Course!Join us for a transformative 90-minute workshop that will take you on a journey of self-discovery and inner balance. Held from 3 pm to 4:30 pm, this course is designed to deepen your awareness and understanding of the chakras, those powerful energy centers within us. By exploring the [&hellip;]<\/p>\n","protected":false},"author":1,"featured_media":0,"parent":0,"menu_order":0,"comment_status":"closed","ping_status":"closed","template":"","meta":{"hide_page_title":"enabled","_coblocks_attr":"","_coblocks_dimensions":"","_coblocks_responsive_height":"","_coblocks_accordion_ie_support":"","footnotes":""},"class_list":["post-289","page","type-page","status-publish","hentry"],"yoast_head":"<!-- This site is optimized with the Yoast SEO plugin v27.4 - https:\/\/yoast.com\/product\/yoast-seo-wordpress\/ -->\n<title>ALIGNING CHAKRAS<\/title>\n<meta name=\"description\" content=\"ALIGNING CHAKRAS Welcome to our Chakra Yoga Course!Join us for a transformative 90-minute workshop that will take you on a journey of self-discovery and inner balance. Held from 3 pm to 4:30 pm, this course is designed to deepen your awareness and understanding of the chakras, those powerful energy centers within us.By exploring the chakras,&hellip;\" \/>\n<meta name=\"robots\" content=\"index, follow, max-snippet:-1, max-image-preview:large, max-video-preview:-1\" \/>\n<link rel=\"canonical\" href=\"\" \/>\n<meta property=\"og:locale\" content=\"fr_CA\" \/>\n<meta property=\"og:type\" content=\"article\" \/>\n<meta property=\"og:title\" content=\"ALIGNING CHAKRAS\" \/>\n<meta property=\"og:description\" content=\"ALIGNING CHAKRAS Welcome to our Chakra Yoga Course!Join us for a transformative 90-minute workshop that will take you on a journey of self-discovery and inner balance. Held from 3 pm to 4:30 pm, this course is designed to deepen your awareness and understanding of the chakras, those powerful energy centers within us.By exploring the chakras,&hellip;\" \/>\n<meta property=\"og:url\" content=\"https:\/\/www.180espace.com\/fr\/aligning-chakrasligning-chakras\/\" \/>\n<meta property=\"og:site_name\" content=\"180Espace\" \/>\n<meta property=\"article:publisher\" content=\"https:\/\/www.facebook.com\/180Espace\" \/>\n<meta property=\"article:modified_time\" content=\"2025-06-06T18:34:51+00:00\" \/>\n<meta property=\"og:image\" content=\"https:\/\/www.180espace.com\/wp-content\/uploads\/2023\/07\/CHAKRA-2.png\" \/>\n<meta name=\"twitter:card\" content=\"summary_large_image\" \/>\n<meta name=\"twitter:label1\" content=\"Estimation du temps de lecture\" \/>\n\t<meta name=\"twitter:data1\" content=\"3 minutes\" \/>\n<script type=\"application\/ld+json\" class=\"yoast-schema-graph\">{\"@context\":\"https:\\\/\\\/schema.org\",\"@graph\":[{\"@type\":\"WebPage\",\"@id\":\"https:\\\/\\\/www.180espace.com\\\/fr\\\/aligning-chakrasligning-chakras\\\/\",\"url\":\"https:\\\/\\\/www.180espace.com\\\/fr\\\/aligning-chakrasligning-chakras\\\/\",\"name\":\"ALIGNING CHAKRAS - 180Espace\",\"isPartOf\":{\"@id\":\"https:\\\/\\\/www.180espace.com\\\/#website\"},\"primaryImageOfPage\":{\"@id\":\"https:\\\/\\\/www.180espace.com\\\/fr\\\/aligning-chakrasligning-chakras\\\/#primaryimage\"},\"image\":{\"@id\":\"https:\\\/\\\/www.180espace.com\\\/fr\\\/aligning-chakrasligning-chakras\\\/#primaryimage\"},\"thumbnailUrl\":\"https:\\\/\\\/www.180espace.com\\\/wp-content\\\/uploads\\\/2023\\\/07\\\/CHAKRA-2.png\",\"datePublished\":\"2023-07-21T04:53:32+00:00\",\"dateModified\":\"2025-06-06T18:34:51+00:00\",\"breadcrumb\":{\"@id\":\"https:\\\/\\\/www.180espace.com\\\/fr\\\/aligning-chakrasligning-chakras\\\/#breadcrumb\"},\"inLanguage\":\"fr-CA\",\"potentialAction\":[{\"@type\":\"ReadAction\",\"target\":[\"https:\\\/\\\/www.180espace.com\\\/fr\\\/aligning-chakrasligning-chakras\\\/\"]}]},{\"@type\":\"ImageObject\",\"inLanguage\":\"fr-CA\",\"@id\":\"https:\\\/\\\/www.180espace.com\\\/fr\\\/aligning-chakrasligning-chakras\\\/#primaryimage\",\"url\":\"https:\\\/\\\/www.180espace.com\\\/wp-content\\\/uploads\\\/2023\\\/07\\\/CHAKRA-2.png\",\"contentUrl\":\"https:\\\/\\\/www.180espace.com\\\/wp-content\\\/uploads\\\/2023\\\/07\\\/CHAKRA-2.png\"},{\"@type\":\"BreadcrumbList\",\"@id\":\"https:\\\/\\\/www.180espace.com\\\/fr\\\/aligning-chakrasligning-chakras\\\/#breadcrumb\",\"itemListElement\":[{\"@type\":\"ListItem\",\"position\":1,\"name\":\"home\",\"item\":\"https:\\\/\\\/www.180espace.com\\\/\"},{\"@type\":\"ListItem\",\"position\":2,\"name\":\"ALIGNING CHAKRAS\"}]},{\"@type\":\"WebSite\",\"@id\":\"https:\\\/\\\/www.180espace.com\\\/fr\\\/#website\",\"url\":\"https:\\\/\\\/www.180espace.com\\\/fr\\\/\",\"name\":\"180Espace Holistic Yoga\",\"description\":\"BE YOUR OWN INSPIRATION awaken your magic.\",\"publisher\":{\"@id\":\"https:\\\/\\\/www.180espace.com\\\/fr\\\/#organization\"},\"potentialAction\":[{\"@type\":\"SearchAction\",\"target\":{\"@type\":\"EntryPoint\",\"urlTemplate\":\"https:\\\/\\\/www.180espace.com\\\/fr\\\/?s={search_term_string}\"},\"query-input\":{\"@type\":\"PropertyValueSpecification\",\"valueRequired\":true,\"valueName\":\"search_term_string\"}}],\"inLanguage\":\"fr-CA\"},{\"@type\":\"Organization\",\"@id\":\"https:\\\/\\\/www.180espace.com\\\/fr\\\/#organization\",\"name\":\"180Espace\",\"url\":\"https:\\\/\\\/www.180espace.com\\\/fr\\\/\",\"logo\":{\"@type\":\"ImageObject\",\"inLanguage\":\"fr-CA\",\"@id\":\"https:\\\/\\\/www.180espace.com\\\/fr\\\/#\\\/schema\\\/logo\\\/image\\\/\",\"url\":\"https:\\\/\\\/www.180espace.com\\\/wp-content\\\/uploads\\\/2023\\\/06\\\/cropped-logo_final_4-1.png\",\"contentUrl\":\"https:\\\/\\\/www.180espace.com\\\/wp-content\\\/uploads\\\/2023\\\/06\\\/cropped-logo_final_4-1.png\",\"width\":2152,\"height\":769,\"caption\":\"180Espace\"},\"image\":{\"@id\":\"https:\\\/\\\/www.180espace.com\\\/fr\\\/#\\\/schema\\\/logo\\\/image\\\/\"},\"sameAs\":[\"https:\\\/\\\/www.facebook.com\\\/180Espace\",\"https:\\\/\\\/www.instagram.com\\\/180espace\\\/\",\"https:\\\/\\\/www.tiktok.com\\\/@180espace?_t=8jfdmdXrhHq&_r=1\",\"https:\\\/\\\/www.linkedin.com\\\/company\\\/180espace\\\/about\\\/\"]}]}<\/script>\n<!-- \/ Yoast SEO plugin. -->","yoast_head_json":{"title":"ALIGNING CHAKRAS","description":"ALIGNING CHAKRAS Welcome to our Chakra Yoga Course!Join us for a transformative 90-minute workshop that will take you on a journey of self-discovery and inner balance. Held from 3 pm to 4:30 pm, this course is designed to deepen your awareness and understanding of the chakras, those powerful energy centers within us.By exploring the chakras,&hellip;","robots":{"index":"index","follow":"follow","max-snippet":"max-snippet:-1","max-image-preview":"max-image-preview:large","max-video-preview":"max-video-preview:-1"},"canonical":"ALIGNING CHAKRAS Welcome to our Chakra Yoga Course!Join us for a transformative 90-minute workshop that will take you on a journey of self-discovery and inner balance. Held from 3 pm to 4:30 pm, this course is designed to deepen your awareness and understanding of the chakras, those powerful energy centers within us.By exploring the chakras,&hellip;","og_locale":"fr_CA","og_type":"article","og_title":"ALIGNING CHAKRAS","og_description":"ALIGNING CHAKRAS Welcome to our Chakra Yoga Course!Join us for a transformative 90-minute workshop that will take you on a journey of self-discovery and inner balance. Held from 3 pm to 4:30 pm, this course is designed to deepen your awareness and understanding of the chakras, those powerful energy centers within us.By exploring the chakras,&hellip;","og_url":"https:\/\/www.180espace.com\/fr\/aligning-chakrasligning-chakras\/","og_site_name":"180Espace","article_publisher":"https:\/\/www.facebook.com\/180Espace","article_modified_time":"2025-06-06T18:34:51+00:00","og_image":[{"url":"https:\/\/www.180espace.com\/wp-content\/uploads\/2023\/07\/CHAKRA-2.png","type":"","width":"","height":""}],"twitter_card":"summary_large_image","twitter_misc":{"Estimation du temps de lecture":"3 minutes"},"schema":{"@context":"https:\/\/schema.org","@graph":[{"@type":"WebPage","@id":"https:\/\/www.180espace.com\/fr\/aligning-chakrasligning-chakras\/","url":"https:\/\/www.180espace.com\/fr\/aligning-chakrasligning-chakras\/","name":"ALIGNING CHAKRAS - 180Espace","isPartOf":{"@id":"https:\/\/www.180espace.com\/#website"},"primaryImageOfPage":{"@id":"https:\/\/www.180espace.com\/fr\/aligning-chakrasligning-chakras\/#primaryimage"},"image":{"@id":"https:\/\/www.180espace.com\/fr\/aligning-chakrasligning-chakras\/#primaryimage"},"thumbnailUrl":"https:\/\/www.180espace.com\/wp-content\/uploads\/2023\/07\/CHAKRA-2.png","datePublished":"2023-07-21T04:53:32+00:00","dateModified":"2025-06-06T18:34:51+00:00","breadcrumb":{"@id":"https:\/\/www.180espace.com\/fr\/aligning-chakrasligning-chakras\/#breadcrumb"},"inLanguage":"fr-CA","potentialAction":[{"@type":"ReadAction","target":["https:\/\/www.180espace.com\/fr\/aligning-chakrasligning-chakras\/"]}]},{"@type":"ImageObject","inLanguage":"fr-CA","@id":"https:\/\/www.180espace.com\/fr\/aligning-chakrasligning-chakras\/#primaryimage","url":"https:\/\/www.180espace.com\/wp-content\/uploads\/2023\/07\/CHAKRA-2.png","contentUrl":"https:\/\/www.180espace.com\/wp-content\/uploads\/2023\/07\/CHAKRA-2.png"},{"@type":"BreadcrumbList","@id":"https:\/\/www.180espace.com\/fr\/aligning-chakrasligning-chakras\/#breadcrumb","itemListElement":[{"@type":"ListItem","position":1,"name":"home","item":"https:\/\/www.180espace.com\/"},{"@type":"ListItem","position":2,"name":"ALIGNING CHAKRAS"}]},{"@type":"WebSite","@id":"https:\/\/www.180espace.com\/fr\/#website","url":"https:\/\/www.180espace.com\/fr\/","name":"180Espace Holistic Yoga","description":"BE YOUR OWN INSPIRATION awaken your magic.","publisher":{"@id":"https:\/\/www.180espace.com\/fr\/#organization"},"potentialAction":[{"@type":"SearchAction","target":{"@type":"EntryPoint","urlTemplate":"https:\/\/www.180espace.com\/fr\/?s={search_term_string}"},"query-input":{"@type":"PropertyValueSpecification","valueRequired":true,"valueName":"search_term_string"}}],"inLanguage":"fr-CA"},{"@type":"Organization","@id":"https:\/\/www.180espace.com\/fr\/#organization","name":"180Espace","url":"https:\/\/www.180espace.com\/fr\/","logo":{"@type":"ImageObject","inLanguage":"fr-CA","@id":"https:\/\/www.180espace.com\/fr\/#\/schema\/logo\/image\/","url":"https:\/\/www.180espace.com\/wp-content\/uploads\/2023\/06\/cropped-logo_final_4-1.png","contentUrl":"https:\/\/www.180espace.com\/wp-content\/uploads\/2023\/06\/cropped-logo_final_4-1.png","width":2152,"height":769,"caption":"180Espace"},"image":{"@id":"https:\/\/www.180espace.com\/fr\/#\/schema\/logo\/image\/"},"sameAs":["https:\/\/www.facebook.com\/180Espace","https:\/\/www.instagram.com\/180espace\/","https:\/\/www.tiktok.com\/@180espace?_t=8jfdmdXrhHq&_r=1","https:\/\/www.linkedin.com\/company\/180espace\/about\/"]}]}},"_links":{"self":[{"href":"https:\/\/www.180espace.com\/fr\/wp-json\/wp\/v2\/pages\/289","targetHints":{"allow":["GET"]}}],"collection":[{"href":"https:\/\/www.180espace.com\/fr\/wp-json\/wp\/v2\/pages"}],"about":[{"href":"https:\/\/www.180espace.com\/fr\/wp-json\/wp\/v2\/types\/page"}],"author":[{"embeddable":true,"href":"https:\/\/www.180espace.com\/fr\/wp-json\/wp\/v2\/users\/1"}],"replies":[{"embeddable":true,"href":"https:\/\/www.180espace.com\/fr\/wp-json\/wp\/v2\/comments?post=289"}],"version-history":[{"count":0,"href":"https:\/\/www.180espace.com\/fr\/wp-json\/wp\/v2\/pages\/289\/revisions"}],"wp:attachment":[{"href":"https:\/\/www.180espace.com\/fr\/wp-json\/wp\/v2\/media?parent=289"}],"curies":[{"name":"wp","href":"https:\/\/api.w.org\/{rel}","templated":true}]}}