{"id":57,"date":"2023-06-01T18:53:21","date_gmt":"2023-06-01T18:53:21","guid":{"rendered":"https:\/\/www.180espace.com\/contact\/"},"modified":"2023-07-31T20:32:48","modified_gmt":"2023-07-31T20:32:48","slug":"contact","status":"publish","type":"page","link":"https:\/\/www.180espace.com\/fr\/contact\/","title":{"rendered":"CONTACT"},"content":{"rendered":"\t\t<div data-elementor-type=\"wp-page\" data-elementor-id=\"57\" class=\"elementor elementor-57\" data-elementor-post-type=\"page\">\n\t\t\t\t\t\t<section class=\"elementor-section elementor-top-section elementor-element elementor-element-0f9a299 elementor-section-boxed elementor-section-height-default elementor-section-height-default\" data-id=\"0f9a299\" data-element_type=\"section\" data-e-type=\"section\">\n\t\t\t\t\t\t<div class=\"elementor-container elementor-column-gap-default\">\n\t\t\t\t\t<div class=\"elementor-column elementor-col-100 elementor-top-column elementor-element elementor-element-a0699ae\" data-id=\"a0699ae\" data-element_type=\"column\" data-e-type=\"column\">\n\t\t\t<div class=\"elementor-widget-wrap elementor-element-populated\">\n\t\t\t\t\t\t<div class=\"elementor-element elementor-element-f00f2af elementor-widget elementor-widget-heading\" data-id=\"f00f2af\" data-element_type=\"widget\" data-e-type=\"widget\" data-widget_type=\"heading.default\">\n\t\t\t\t<div class=\"elementor-widget-container\">\n\t\t\t\t\t<h1 class=\"elementor-heading-title elementor-size-default\">CONTACT<\/h1>\t\t\t\t<\/div>\n\t\t\t\t<\/div>\n\t\t\t\t\t<\/div>\n\t\t<\/div>\n\t\t\t\t\t<\/div>\n\t\t<\/section>\n\t\t\t\t<section class=\"elementor-section elementor-top-section elementor-element elementor-element-27f58c9a elementor-section-boxed elementor-section-height-default elementor-section-height-default\" data-id=\"27f58c9a\" data-element_type=\"section\" data-e-type=\"section\">\n\t\t\t\t\t\t<div class=\"elementor-container elementor-column-gap-default\">\n\t\t\t\t\t<div class=\"elementor-column elementor-col-100 elementor-top-column elementor-element elementor-element-566ac315\" data-id=\"566ac315\" data-element_type=\"column\" data-e-type=\"column\">\n\t\t\t<div class=\"elementor-widget-wrap elementor-element-populated\">\n\t\t\t\t\t\t<div class=\"elementor-element elementor-element-1dd5fa29 elementor-widget elementor-widget-text-editor\" data-id=\"1dd5fa29\" data-element_type=\"widget\" data-e-type=\"widget\" data-widget_type=\"text-editor.default\">\n\t\t\t\t<div class=\"elementor-widget-container\">\n\t\t\t\t\t\t\t\t\t<p>Avez-vous une question ou un commentaire ? <br \/>Vous \u00eates int\u00e9ress\u00e9(e) par nos cours ? <br \/>Contactez-nous et nous r\u00e9pondrons \u00e0 votre message d\u00e8s que possible.<\/p>\t\t\t\t\t\t\t\t<\/div>\n\t\t\t\t<\/div>\n\t\t\t\t\t<\/div>\n\t\t<\/div>\n\t\t\t\t\t<\/div>\n\t\t<\/section>\n\t\t\t\t<section class=\"elementor-section elementor-top-section elementor-element elementor-element-be0bb0d elementor-section-boxed elementor-section-height-default elementor-section-height-default\" data-id=\"be0bb0d\" data-element_type=\"section\" data-e-type=\"section\">\n\t\t\t\t\t\t<div class=\"elementor-container elementor-column-gap-default\">\n\t\t\t\t\t<div class=\"elementor-column elementor-col-100 elementor-top-column elementor-element elementor-element-780edce\" data-id=\"780edce\" data-element_type=\"column\" data-e-type=\"column\">\n\t\t\t<div class=\"elementor-widget-wrap elementor-element-populated\">\n\t\t\t\t\t\t<div class=\"elementor-element elementor-element-5caea72 elementor-widget elementor-widget-shortcode\" data-id=\"5caea72\" data-element_type=\"widget\" data-e-type=\"widget\" data-widget_type=\"shortcode.default\">\n\t\t\t\t<div class=\"elementor-widget-container\">\n\t\t\t\t\t\t\t<div class=\"elementor-shortcode\"><style id=\"wpforms-css-vars-517\">\n\t\t\t\t#wpforms-517 {\n\t\t\t\t\n\t\t\t}\n\t\t\t<\/style><div class=\"wpforms-container wpforms-container-full wpforms-render-modern\" id=\"wpforms-517\"><form id=\"wpforms-form-517\" class=\"wpforms-validate wpforms-form wpforms-ajax-form\" data-formid=\"517\" method=\"post\" enctype=\"multipart\/form-data\" action=\"\/fr\/wp-json\/wp\/v2\/pages\/57\" data-token=\"c462657280f25c4917c9728d80b231a1\" data-token-time=\"1778622347\"><noscript class=\"wpforms-error-noscript\">Please enable JavaScript in your browser to complete this form.<\/noscript><div id=\"wpforms-error-noscript\" style=\"display: none;\">Please enable JavaScript in your browser to complete this form.<\/div><div class=\"wpforms-field-container\"><div id=\"wpforms-517-field_0-container\" class=\"wpforms-field wpforms-field-name\" data-field-id=\"0\"><label class=\"wpforms-field-label\" for=\"wpforms-517-field_0\">Name (Nom \/ Pr\u00e9nom \/ Nom de famille ) <span class=\"wpforms-required-label\" aria-hidden=\"true\">*<\/span><\/label><input type=\"text\" id=\"wpforms-517-field_0\" class=\"wpforms-field-medium wpforms-field-required\" name=\"wpforms[fields][0]\" aria-errormessage=\"wpforms-517-field_0-error\" required><\/div><div id=\"wpforms-517-field_1-container\" class=\"wpforms-field wpforms-field-email\" data-field-id=\"1\"><label class=\"wpforms-field-label\" for=\"wpforms-517-field_1\">Email (Addresse courriel) <span class=\"wpforms-required-label\" aria-hidden=\"true\">*<\/span><\/label><input type=\"email\" id=\"wpforms-517-field_1\" class=\"wpforms-field-medium wpforms-field-required\" name=\"wpforms[fields][1]\" spellcheck=\"false\" aria-errormessage=\"wpforms-517-field_1-error\" required><\/div><div id=\"wpforms-517-field_2-container\" class=\"wpforms-field wpforms-field-textarea\" data-field-id=\"2\"><label class=\"wpforms-field-label\" for=\"wpforms-517-field_2\">Comment or Message (Message )<\/label><textarea id=\"wpforms-517-field_2\" class=\"wpforms-field-medium\" name=\"wpforms[fields][2]\" aria-errormessage=\"wpforms-517-field_2-error\" ><\/textarea><\/div><\/div><!-- .wpforms-field-container --><div class=\"wpforms-submit-container\" ><input type=\"hidden\" name=\"wpforms[id]\" value=\"517\"><input type=\"hidden\" name=\"page_title\" value=\"\"><input type=\"hidden\" name=\"page_url\" value=\"https:\/\/www.180espace.com\/fr\/wp-json\/wp\/v2\/pages\/57\"><input type=\"hidden\" name=\"url_referer\" value=\"\"><button type=\"submit\" name=\"wpforms[submit]\" id=\"wpforms-submit-517\" class=\"wpforms-submit\" data-alt-text=\"Sending...\" data-submit-text=\"Submit (Envoyer votre message)\" aria-live=\"assertive\" value=\"wpforms-submit\">Submit (Envoyer votre message)<\/button><img decoding=\"async\" src=\"https:\/\/www.180espace.com\/wp-content\/plugins\/wpforms-lite\/assets\/images\/submit-spin.svg\" class=\"wpforms-submit-spinner\" style=\"display: none;\" width=\"26\" height=\"26\" alt=\"Loading\"><\/div><\/form><\/div>  <!-- .wpforms-container --><\/div>\n\t\t\t\t\t\t<\/div>\n\t\t\t\t<\/div>\n\t\t\t\t\t<\/div>\n\t\t<\/div>\n\t\t\t\t\t<\/div>\n\t\t<\/section>\n\t\t\t\t<\/div>\n\t\t","protected":false},"excerpt":{"rendered":"<p>CONTACT Have a question or comment?Interested in doing any our courses ?Get in touch and we&rsquo;ll reply to your message as soon as we can. Please enable JavaScript in your browser to complete this form.Please enable JavaScript in your browser to complete this form.Name (Nom \/ Pr\u00e9nom \/ Nom de famille ) *Email (Addresse courriel) [&hellip;]<\/p>\n","protected":false},"author":3,"featured_media":0,"parent":0,"menu_order":0,"comment_status":"closed","ping_status":"closed","template":"","meta":{"hide_page_title":"enabled","_coblocks_attr":"","_coblocks_dimensions":"","_coblocks_responsive_height":"","_coblocks_accordion_ie_support":"","footnotes":""},"class_list":["post-57","page","type-page","status-publish","hentry"],"yoast_head":"<!-- This site is optimized with the Yoast SEO plugin v27.5 - https:\/\/yoast.com\/product\/yoast-seo-wordpress\/ -->\n<title>CONTACT<\/title>\n<meta name=\"description\" content=\"CONTACT Have a question or comment?Interested in doing any our courses ?Get in touch and we&#039;ll reply to your message as soon as we can. [wpforms id=&quot;517&quot;]\" \/>\n<meta name=\"robots\" content=\"index, follow, max-snippet:-1, max-image-preview:large, max-video-preview:-1\" \/>\n<link rel=\"canonical\" href=\"http:\/\/CONTACT%20Have%20a%20question%20or%20comment?Interested%20in%20doing%20any%20our%20courses%20?Get%20in%20touch%20and%20we'll%20reply%20to%20your%20message%20as%20soon%20as%20we%20can.%20%5Bwpforms%20id=517%5D\" \/>\n<meta property=\"og:locale\" content=\"fr_CA\" \/>\n<meta property=\"og:type\" content=\"article\" \/>\n<meta property=\"og:title\" content=\"CONTACT\" \/>\n<meta property=\"og:description\" content=\"CONTACT Have a question or comment?Interested in doing any our courses ?Get in touch and we&#039;ll reply to your message as soon as we can. [wpforms id=&quot;517&quot;]\" \/>\n<meta property=\"og:url\" content=\"https:\/\/www.180espace.com\/fr\/contact\/\" \/>\n<meta property=\"og:site_name\" content=\"180Espace\" \/>\n<meta property=\"article:publisher\" content=\"https:\/\/www.facebook.com\/180Espace\" \/>\n<meta property=\"article:modified_time\" content=\"2023-07-31T20:32:48+00:00\" \/>\n<meta name=\"twitter:card\" content=\"summary_large_image\" \/>\n<script type=\"application\/ld+json\" class=\"yoast-schema-graph\">{\"@context\":\"https:\\\/\\\/schema.org\",\"@graph\":[{\"@type\":\"WebPage\",\"@id\":\"https:\\\/\\\/www.180espace.com\\\/fr\\\/contact\\\/\",\"url\":\"https:\\\/\\\/www.180espace.com\\\/fr\\\/contact\\\/\",\"name\":\"CONTACT - 180Espace\",\"isPartOf\":{\"@id\":\"https:\\\/\\\/www.180espace.com\\\/#website\"},\"datePublished\":\"2023-06-01T18:53:21+00:00\",\"dateModified\":\"2023-07-31T20:32:48+00:00\",\"breadcrumb\":{\"@id\":\"https:\\\/\\\/www.180espace.com\\\/fr\\\/contact\\\/#breadcrumb\"},\"inLanguage\":\"fr-CA\",\"potentialAction\":[{\"@type\":\"ReadAction\",\"target\":[\"https:\\\/\\\/www.180espace.com\\\/fr\\\/contact\\\/\"]}]},{\"@type\":\"BreadcrumbList\",\"@id\":\"https:\\\/\\\/www.180espace.com\\\/fr\\\/contact\\\/#breadcrumb\",\"itemListElement\":[{\"@type\":\"ListItem\",\"position\":1,\"name\":\"home\",\"item\":\"https:\\\/\\\/www.180espace.com\\\/\"},{\"@type\":\"ListItem\",\"position\":2,\"name\":\"CONTACT\"}]},{\"@type\":\"WebSite\",\"@id\":\"https:\\\/\\\/www.180espace.com\\\/fr\\\/#website\",\"url\":\"https:\\\/\\\/www.180espace.com\\\/fr\\\/\",\"name\":\"180Espace Holistic Yoga\",\"description\":\"BE YOUR OWN INSPIRATION awaken your magic.\",\"publisher\":{\"@id\":\"https:\\\/\\\/www.180espace.com\\\/fr\\\/#organization\"},\"potentialAction\":[{\"@type\":\"SearchAction\",\"target\":{\"@type\":\"EntryPoint\",\"urlTemplate\":\"https:\\\/\\\/www.180espace.com\\\/fr\\\/?s={search_term_string}\"},\"query-input\":{\"@type\":\"PropertyValueSpecification\",\"valueRequired\":true,\"valueName\":\"search_term_string\"}}],\"inLanguage\":\"fr-CA\"},{\"@type\":\"Organization\",\"@id\":\"https:\\\/\\\/www.180espace.com\\\/fr\\\/#organization\",\"name\":\"180Espace\",\"url\":\"https:\\\/\\\/www.180espace.com\\\/fr\\\/\",\"logo\":{\"@type\":\"ImageObject\",\"inLanguage\":\"fr-CA\",\"@id\":\"https:\\\/\\\/www.180espace.com\\\/fr\\\/#\\\/schema\\\/logo\\\/image\\\/\",\"url\":\"https:\\\/\\\/www.180espace.com\\\/wp-content\\\/uploads\\\/2023\\\/06\\\/cropped-logo_final_4-1.png\",\"contentUrl\":\"https:\\\/\\\/www.180espace.com\\\/wp-content\\\/uploads\\\/2023\\\/06\\\/cropped-logo_final_4-1.png\",\"width\":2152,\"height\":769,\"caption\":\"180Espace\"},\"image\":{\"@id\":\"https:\\\/\\\/www.180espace.com\\\/fr\\\/#\\\/schema\\\/logo\\\/image\\\/\"},\"sameAs\":[\"https:\\\/\\\/www.facebook.com\\\/180Espace\",\"https:\\\/\\\/www.instagram.com\\\/180espace\\\/\",\"https:\\\/\\\/www.tiktok.com\\\/@180espace?_t=8jfdmdXrhHq&_r=1\",\"https:\\\/\\\/www.linkedin.com\\\/company\\\/180espace\\\/about\\\/\"]}]}<\/script>\n<!-- \/ Yoast SEO plugin. -->","yoast_head_json":{"title":"CONTACT","description":"CONTACT Have a question or comment?Interested in doing any our courses ?Get in touch and we'll reply to your message as soon as we can. [wpforms id=\"517\"]","robots":{"index":"index","follow":"follow","max-snippet":"max-snippet:-1","max-image-preview":"max-image-preview:large","max-video-preview":"max-video-preview:-1"},"canonical":"CONTACT Have a question or comment?Interested in doing any our courses ?Get in touch and we'll reply to your message as soon as we can. [wpforms id=\"517\"]","og_locale":"fr_CA","og_type":"article","og_title":"CONTACT","og_description":"CONTACT Have a question or comment?Interested in doing any our courses ?Get in touch and we'll reply to your message as soon as we can. [wpforms id=\"517\"]","og_url":"https:\/\/www.180espace.com\/fr\/contact\/","og_site_name":"180Espace","article_publisher":"https:\/\/www.facebook.com\/180Espace","article_modified_time":"2023-07-31T20:32:48+00:00","twitter_card":"summary_large_image","schema":{"@context":"https:\/\/schema.org","@graph":[{"@type":"WebPage","@id":"https:\/\/www.180espace.com\/fr\/contact\/","url":"https:\/\/www.180espace.com\/fr\/contact\/","name":"CONTACT - 180Espace","isPartOf":{"@id":"https:\/\/www.180espace.com\/#website"},"datePublished":"2023-06-01T18:53:21+00:00","dateModified":"2023-07-31T20:32:48+00:00","breadcrumb":{"@id":"https:\/\/www.180espace.com\/fr\/contact\/#breadcrumb"},"inLanguage":"fr-CA","potentialAction":[{"@type":"ReadAction","target":["https:\/\/www.180espace.com\/fr\/contact\/"]}]},{"@type":"BreadcrumbList","@id":"https:\/\/www.180espace.com\/fr\/contact\/#breadcrumb","itemListElement":[{"@type":"ListItem","position":1,"name":"home","item":"https:\/\/www.180espace.com\/"},{"@type":"ListItem","position":2,"name":"CONTACT"}]},{"@type":"WebSite","@id":"https:\/\/www.180espace.com\/fr\/#website","url":"https:\/\/www.180espace.com\/fr\/","name":"180Espace Holistic Yoga","description":"BE YOUR OWN INSPIRATION awaken your magic.","publisher":{"@id":"https:\/\/www.180espace.com\/fr\/#organization"},"potentialAction":[{"@type":"SearchAction","target":{"@type":"EntryPoint","urlTemplate":"https:\/\/www.180espace.com\/fr\/?s={search_term_string}"},"query-input":{"@type":"PropertyValueSpecification","valueRequired":true,"valueName":"search_term_string"}}],"inLanguage":"fr-CA"},{"@type":"Organization","@id":"https:\/\/www.180espace.com\/fr\/#organization","name":"180Espace","url":"https:\/\/www.180espace.com\/fr\/","logo":{"@type":"ImageObject","inLanguage":"fr-CA","@id":"https:\/\/www.180espace.com\/fr\/#\/schema\/logo\/image\/","url":"https:\/\/www.180espace.com\/wp-content\/uploads\/2023\/06\/cropped-logo_final_4-1.png","contentUrl":"https:\/\/www.180espace.com\/wp-content\/uploads\/2023\/06\/cropped-logo_final_4-1.png","width":2152,"height":769,"caption":"180Espace"},"image":{"@id":"https:\/\/www.180espace.com\/fr\/#\/schema\/logo\/image\/"},"sameAs":["https:\/\/www.facebook.com\/180Espace","https:\/\/www.instagram.com\/180espace\/","https:\/\/www.tiktok.com\/@180espace?_t=8jfdmdXrhHq&_r=1","https:\/\/www.linkedin.com\/company\/180espace\/about\/"]}]}},"_links":{"self":[{"href":"https:\/\/www.180espace.com\/fr\/wp-json\/wp\/v2\/pages\/57","targetHints":{"allow":["GET"]}}],"collection":[{"href":"https:\/\/www.180espace.com\/fr\/wp-json\/wp\/v2\/pages"}],"about":[{"href":"https:\/\/www.180espace.com\/fr\/wp-json\/wp\/v2\/types\/page"}],"author":[{"embeddable":true,"href":"https:\/\/www.180espace.com\/fr\/wp-json\/wp\/v2\/users\/3"}],"replies":[{"embeddable":true,"href":"https:\/\/www.180espace.com\/fr\/wp-json\/wp\/v2\/comments?post=57"}],"version-history":[{"count":0,"href":"https:\/\/www.180espace.com\/fr\/wp-json\/wp\/v2\/pages\/57\/revisions"}],"wp:attachment":[{"href":"https:\/\/www.180espace.com\/fr\/wp-json\/wp\/v2\/media?parent=57"}],"curies":[{"name":"wp","href":"https:\/\/api.w.org\/{rel}","templated":true}]}}