{"id":61,"date":"2023-06-01T18:53:21","date_gmt":"2023-06-01T18:53:21","guid":{"rendered":"https:\/\/www.180espace.com\/about-us\/"},"modified":"2025-03-12T09:17:45","modified_gmt":"2025-03-12T13:17:45","slug":"about-us","status":"publish","type":"page","link":"https:\/\/www.180espace.com\/fr\/about-us\/","title":{"rendered":"ABOUT ME"},"content":{"rendered":"\t\t<div data-elementor-type=\"wp-page\" data-elementor-id=\"61\" class=\"elementor elementor-61\" data-elementor-post-type=\"page\">\n\t\t\t\t\t\t<section class=\"elementor-section elementor-top-section elementor-element elementor-element-b1bc518 elementor-section-boxed elementor-section-height-default elementor-section-height-default\" data-id=\"b1bc518\" data-element_type=\"section\" data-e-type=\"section\">\n\t\t\t\t\t\t<div class=\"elementor-container elementor-column-gap-default\">\n\t\t\t\t\t<div class=\"elementor-column elementor-col-100 elementor-top-column elementor-element elementor-element-570e816\" data-id=\"570e816\" data-element_type=\"column\" data-e-type=\"column\">\n\t\t\t<div class=\"elementor-widget-wrap elementor-element-populated\">\n\t\t\t\t\t\t<div class=\"elementor-element elementor-element-e9da4e3 elementor-widget elementor-widget-spacer\" data-id=\"e9da4e3\" data-element_type=\"widget\" data-e-type=\"widget\" data-widget_type=\"spacer.default\">\n\t\t\t\t<div class=\"elementor-widget-container\">\n\t\t\t\t\t\t\t<div class=\"elementor-spacer\">\n\t\t\t<div class=\"elementor-spacer-inner\"><\/div>\n\t\t<\/div>\n\t\t\t\t\t\t<\/div>\n\t\t\t\t<\/div>\n\t\t\t\t<div class=\"elementor-element elementor-element-a3a664d elementor-widget elementor-widget-heading\" data-id=\"a3a664d\" data-element_type=\"widget\" data-e-type=\"widget\" data-widget_type=\"heading.default\">\n\t\t\t\t<div class=\"elementor-widget-container\">\n\t\t\t\t\t<h1 class=\"elementor-heading-title elementor-size-default\">YOGA FOR ALL LEVELS<br><br>ABOUT ME <\/h1>\t\t\t\t<\/div>\n\t\t\t\t<\/div>\n\t\t\t\t\t<\/div>\n\t\t<\/div>\n\t\t\t\t\t<\/div>\n\t\t<\/section>\n\t\t\t\t<section class=\"elementor-section elementor-top-section elementor-element elementor-element-d103e5f elementor-section-boxed elementor-section-height-default elementor-section-height-default\" data-id=\"d103e5f\" data-element_type=\"section\" data-e-type=\"section\">\n\t\t\t\t\t\t<div class=\"elementor-container elementor-column-gap-default\">\n\t\t\t\t\t<div class=\"elementor-column elementor-col-100 elementor-top-column elementor-element elementor-element-6891f89\" data-id=\"6891f89\" data-element_type=\"column\" data-e-type=\"column\">\n\t\t\t<div class=\"elementor-widget-wrap elementor-element-populated\">\n\t\t\t\t\t\t<div class=\"elementor-element elementor-element-4f3dc91 elementor-widget elementor-widget-image\" data-id=\"4f3dc91\" data-element_type=\"widget\" data-e-type=\"widget\" data-widget_type=\"image.default\">\n\t\t\t\t<div class=\"elementor-widget-container\">\n\t\t\t\t\t\t\t\t\t\t\t\t\t\t\t<img fetchpriority=\"high\" decoding=\"async\" width=\"1536\" height=\"865\" src=\"https:\/\/www.180espace.com\/wp-content\/uploads\/2023\/07\/HOME_1_JC-1-1536x865.jpg\" class=\"attachment-1536x1536 size-1536x1536 wp-image-336\" alt=\"\" srcset=\"https:\/\/www.180espace.com\/wp-content\/uploads\/2023\/07\/HOME_1_JC-1-1536x865.jpg 1536w, https:\/\/www.180espace.com\/wp-content\/uploads\/2023\/07\/HOME_1_JC-1-300x169.jpg 300w, https:\/\/www.180espace.com\/wp-content\/uploads\/2023\/07\/HOME_1_JC-1-1024x577.jpg 1024w, https:\/\/www.180espace.com\/wp-content\/uploads\/2023\/07\/HOME_1_JC-1-768x433.jpg 768w, https:\/\/www.180espace.com\/wp-content\/uploads\/2023\/07\/HOME_1_JC-1-100x56.jpg 100w, https:\/\/www.180espace.com\/wp-content\/uploads\/2023\/07\/HOME_1_JC-1.jpg 1640w\" sizes=\"(max-width: 1536px) 100vw, 1536px\" \/>\t\t\t\t\t\t\t\t\t\t\t\t\t\t\t<\/div>\n\t\t\t\t<\/div>\n\t\t\t\t\t<\/div>\n\t\t<\/div>\n\t\t\t\t\t<\/div>\n\t\t<\/section>\n\t\t\t\t<section class=\"elementor-section elementor-top-section elementor-element elementor-element-54a37bc6 elementor-section-boxed elementor-section-height-default elementor-section-height-default\" data-id=\"54a37bc6\" data-element_type=\"section\" data-e-type=\"section\">\n\t\t\t\t\t\t<div class=\"elementor-container elementor-column-gap-default\">\n\t\t\t\t\t<div class=\"elementor-column elementor-col-100 elementor-top-column elementor-element elementor-element-138cb6a\" data-id=\"138cb6a\" data-element_type=\"column\" data-e-type=\"column\">\n\t\t\t<div class=\"elementor-widget-wrap elementor-element-populated\">\n\t\t\t\t\t\t<div class=\"elementor-element elementor-element-81af44e elementor-widget elementor-widget-text-editor\" data-id=\"81af44e\" data-element_type=\"widget\" data-e-type=\"widget\" data-widget_type=\"text-editor.default\">\n\t\t\t\t<div class=\"elementor-widget-container\">\n\t\t\t\t\t\t\t\t\t<p data-start=\"40\" data-end=\"96\"><strong data-start=\"40\" data-end=\"96\">Vinyasa Yoga pour Tous les Niveaux | \u00c0 Propos de Moi<\/strong><\/p><p data-start=\"98\" data-end=\"547\">Bienvenue dans mon voyage de yoga ! Je suis Juliana Caldas, une professeure passionn\u00e9e de Vinyasa Yoga avec plus de six ans d\u2019exp\u00e9rience. Mon chemin a commenc\u00e9 il y a 15 ans lorsque j&rsquo;ai voyag\u00e9 en Inde \u00e0 la recherche d&rsquo;une connexion plus profonde avec l&rsquo;univers et mon \u00e9nergie int\u00e9rieure. J&rsquo;ai commenc\u00e9 la m\u00e9ditation au Satyananda Yoga en Colombie et j&rsquo;ai obtenu ma certification de 200 heures en Vinyasa Yoga avec Fred Bush (Yoga Alliance) en 2017.<\/p><p data-start=\"549\" data-end=\"975\"><strong data-start=\"549\" data-end=\"605\">Bien-\u00eatre Holistique et Exp\u00e9riences Transformatrices<\/strong><br data-start=\"605\" data-end=\"608\" \/>J\u2019offre une gamme d\u2019exp\u00e9riences de bien-\u00eatre transformatrices, y compris le Stand-Up Paddleboard Yoga, le Chair Yoga, le Yoga pour Tous les Niveaux, les c\u00e9r\u00e9monies de cacao, et l\u2019alignement des chakras. Je suis \u00e9galement une professeure certifi\u00e9e de yoga pour enfants et j\u2019\u00e9tudie actuellement la lithoth\u00e9rapie (gu\u00e9rison par les cristaux) pour approfondir ma pratique.<\/p><p data-start=\"977\" data-end=\"1131\">Que vous soyez d\u00e9butant ou yogi exp\u00e9riment\u00e9, mon objectif est de vous guider vers la d\u00e9couverte de la paix int\u00e9rieure et de lib\u00e9rer votre plein potentiel.<\/p><p data-start=\"1133\" data-end=\"1585\"><strong data-start=\"1133\" data-end=\"1159\">Ma Philosophie du Yoga<\/strong><br data-start=\"1159\" data-end=\"1162\" \/>Dans mes cours de Vinyasa Yoga, j&rsquo;honore les pratiques traditionnelles \u00e0 travers la respiration, le mouvement, le mantra, et la philosophie du yoga. Je me concentre \u00e9galement sur l\u2019alignement des chakras afin de d\u00e9bloquer le flux d\u2019\u00e9nergie et d\u2019apporter \u00e9quilibre et harmonie dans le corps et l&rsquo;esprit. La musique, notamment les sons inspirants et de gu\u00e9rison, joue un r\u00f4le central dans l\u2019approfondissement de l\u2019exp\u00e9rience.<\/p><p data-start=\"1587\" data-end=\"1747\">Que vous vous joigniez \u00e0 moi en personne ou en ligne, mon objectif est de cr\u00e9er un espace o\u00f9 vous pourrez grandir, trouver l&rsquo;\u00e9quilibre et cultiver le bien-\u00eatre.<\/p><p data-start=\"1749\" data-end=\"2191\"><strong data-start=\"1749\" data-end=\"1807\">Vivez la Puissance du Yoga, de l&rsquo;Art et de la Gu\u00e9rison<\/strong><br data-start=\"1807\" data-end=\"1810\" \/>J\u2019offre diverses pratiques de bien-\u00eatre, comme le chair yoga, le yoga pour enfants, et des sessions de yoga et art. Je m\u00e8ne \u00e9galement des c\u00e9r\u00e9monies de cacao pour favoriser une profonde gu\u00e9rison \u00e9motionnelle et une connexion avec soi-m\u00eame. Dans les sessions de yoga et art, nous combinons mouvement et expression cr\u00e9ative pour explorer la pleine conscience et la d\u00e9couverte de soi.<\/p><p data-start=\"2193\" data-end=\"2526\"><strong data-start=\"2193\" data-end=\"2246\">Rejoignez-moi dans un Voyage de D\u00e9couverte de Soi<\/strong><br data-start=\"2246\" data-end=\"2249\" \/>Peu importe votre niveau d&rsquo;exp\u00e9rience, il y a quelque chose pour chacun dans mes cours. Explorez des exp\u00e9riences de bien-\u00eatre transformatrices qui favorisent la gu\u00e9rison, l&rsquo;\u00e9quilibre et la croissance \u00e0 travers le Vinyasa Yoga, le Stand-Up Paddleboard Yoga, et bien plus encore.<\/p><p data-start=\"2528\" data-end=\"2730\">Suivez-moi sur Instagram @180espace pour de l&rsquo;inspiration et des mises \u00e0 jour ! D\u00e9couvrons ensemble la puissance transformatrice du yoga, de l&rsquo;art, des c\u00e9r\u00e9monies de cacao, et de la gu\u00e9rison holistique.<\/p>\t\t\t\t\t\t\t\t<\/div>\n\t\t\t\t<\/div>\n\t\t\t\t\t<\/div>\n\t\t<\/div>\n\t\t\t\t\t<\/div>\n\t\t<\/section>\n\t\t\t\t<section class=\"elementor-section elementor-top-section elementor-element elementor-element-c722af7 elementor-section-boxed elementor-section-height-default elementor-section-height-default\" data-id=\"c722af7\" data-element_type=\"section\" data-e-type=\"section\">\n\t\t\t\t\t\t<div class=\"elementor-container elementor-column-gap-default\">\n\t\t\t\t\t<div class=\"elementor-column elementor-col-100 elementor-top-column elementor-element elementor-element-9b5f81c\" data-id=\"9b5f81c\" data-element_type=\"column\" data-e-type=\"column\">\n\t\t\t<div class=\"elementor-widget-wrap elementor-element-populated\">\n\t\t\t\t\t\t<div class=\"elementor-element elementor-element-18ccb2e elementor-widget elementor-widget-image\" data-id=\"18ccb2e\" data-element_type=\"widget\" data-e-type=\"widget\" data-widget_type=\"image.default\">\n\t\t\t\t<div class=\"elementor-widget-container\">\n\t\t\t\t\t\t\t\t\t\t\t\t\t\t\t<img decoding=\"async\" src=\"https:\/\/www.180espace.com\/wp-content\/uploads\/2023\/07\/Captura-de-pantalla-2023-07-20-a-las-22.33.53.png\" title=\"\" alt=\"\" loading=\"lazy\" \/>\t\t\t\t\t\t\t\t\t\t\t\t\t\t\t<\/div>\n\t\t\t\t<\/div>\n\t\t\t\t\t<\/div>\n\t\t<\/div>\n\t\t\t\t\t<\/div>\n\t\t<\/section>\n\t\t\t\t<section class=\"elementor-section elementor-top-section elementor-element elementor-element-6c000a6 elementor-section-boxed elementor-section-height-default elementor-section-height-default\" data-id=\"6c000a6\" data-element_type=\"section\" data-e-type=\"section\">\n\t\t\t\t\t\t<div class=\"elementor-container elementor-column-gap-default\">\n\t\t\t\t\t<div class=\"elementor-column elementor-col-100 elementor-top-column elementor-element elementor-element-6e6dbd6\" data-id=\"6e6dbd6\" data-element_type=\"column\" data-e-type=\"column\">\n\t\t\t<div class=\"elementor-widget-wrap elementor-element-populated\">\n\t\t\t\t\t\t<div class=\"elementor-element elementor-element-21efc8f elementor-widget elementor-widget-image\" data-id=\"21efc8f\" data-element_type=\"widget\" data-e-type=\"widget\" data-widget_type=\"image.default\">\n\t\t\t\t<div class=\"elementor-widget-container\">\n\t\t\t\t\t\t\t\t\t\t\t\t\t\t\t<img decoding=\"async\" width=\"660\" height=\"129\" src=\"https:\/\/www.180espace.com\/wp-content\/uploads\/2023\/07\/Captura-de-pantalla-2023-07-21-a-las-16.06.12-1024x200.png\" class=\"attachment-large size-large wp-image-339\" alt=\"\" srcset=\"https:\/\/www.180espace.com\/wp-content\/uploads\/2023\/07\/Captura-de-pantalla-2023-07-21-a-las-16.06.12-1024x200.png 1024w, https:\/\/www.180espace.com\/wp-content\/uploads\/2023\/07\/Captura-de-pantalla-2023-07-21-a-las-16.06.12-300x59.png 300w, https:\/\/www.180espace.com\/wp-content\/uploads\/2023\/07\/Captura-de-pantalla-2023-07-21-a-las-16.06.12-768x150.png 768w, https:\/\/www.180espace.com\/wp-content\/uploads\/2023\/07\/Captura-de-pantalla-2023-07-21-a-las-16.06.12-1536x300.png 1536w, https:\/\/www.180espace.com\/wp-content\/uploads\/2023\/07\/Captura-de-pantalla-2023-07-21-a-las-16.06.12-2048x400.png 2048w, https:\/\/www.180espace.com\/wp-content\/uploads\/2023\/07\/Captura-de-pantalla-2023-07-21-a-las-16.06.12-100x20.png 100w\" sizes=\"(max-width: 660px) 100vw, 660px\" \/>\t\t\t\t\t\t\t\t\t\t\t\t\t\t\t<\/div>\n\t\t\t\t<\/div>\n\t\t\t\t\t<\/div>\n\t\t<\/div>\n\t\t\t\t\t<\/div>\n\t\t<\/section>\n\t\t\t\t<\/div>\n\t\t","protected":false},"excerpt":{"rendered":"<p>YOGA FOR ALL LEVELS ABOUT ME Vinyasa Yoga for All Levels | About Me Welcome to my yoga journey! I\u2019m Juliana Caldas, a passionate Vinyasa Yoga teacher with over six years of experience. My path began 15 years ago when I traveled to India seeking a deeper connection with the universe and my inner energy. [&hellip;]<\/p>\n","protected":false},"author":1,"featured_media":0,"parent":0,"menu_order":0,"comment_status":"closed","ping_status":"closed","template":"","meta":{"hide_page_title":"enabled","_coblocks_attr":"","_coblocks_dimensions":"","_coblocks_responsive_height":"","_coblocks_accordion_ie_support":"","footnotes":""},"class_list":["post-61","page","type-page","status-publish","hentry"],"yoast_head":"<!-- This site is optimized with the Yoast SEO plugin v27.5 - https:\/\/yoast.com\/product\/yoast-seo-wordpress\/ -->\n<title>ABOUT ME<\/title>\n<meta name=\"description\" content=\"Join Juliana Caldas at 180ESPACE for Vinyasa Yoga for all levels, Chakra alignment, SUP Yoga, Chair Yoga, and cacao ceremonies. Explore transformative wellness practices that promote healing, balance, and personal growth. Whether in-person or virtual, start your journey to self-discovery today!\" \/>\n<meta name=\"robots\" content=\"index, follow, max-snippet:-1, max-image-preview:large, max-video-preview:-1\" \/>\n<link rel=\"canonical\" href=\"http:\/\/YOGA%20FOR%20ALL%20LEVELSABOUT%20ME%20Vinyasa%20Yoga%20for%20All%20Levels%20|%20About%20Me%20Welcome%20to%20my%20yoga%20journey!%20I\u2019m%20Juliana%20Caldas,%20a%20passionate%20Vinyasa%20Yoga%20teacher%20with%20over%20six%20years%20of%20experience.%20My%20path%20began%2015%20years%20ago%20when%20I%20traveled%20to%20India%20seeking%20a%20deeper%20connection%20with%20the%20universe%20and%20my%20inner%20energy.%20I&hellip;\" \/>\n<meta property=\"og:locale\" content=\"fr_CA\" \/>\n<meta property=\"og:type\" content=\"article\" \/>\n<meta property=\"og:title\" content=\"ABOUT ME\" \/>\n<meta property=\"og:description\" content=\"Join Juliana Caldas at 180ESPACE for Vinyasa Yoga for all levels, Chakra alignment, SUP Yoga, Chair Yoga, and cacao ceremonies. Explore transformative wellness practices that promote healing, balance, and personal growth. Whether in-person or virtual, start your journey to self-discovery today!\" \/>\n<meta property=\"og:url\" content=\"https:\/\/www.180espace.com\/fr\/about-us\/\" \/>\n<meta property=\"og:site_name\" content=\"180Espace\" \/>\n<meta property=\"article:publisher\" content=\"https:\/\/www.facebook.com\/180Espace\" \/>\n<meta property=\"article:modified_time\" content=\"2025-03-12T13:17:45+00:00\" \/>\n<meta property=\"og:image\" content=\"https:\/\/www.180espace.com\/wp-content\/uploads\/2023\/07\/HOME_1_JC-1.jpg\" \/>\n\t<meta property=\"og:image:width\" content=\"1640\" \/>\n\t<meta property=\"og:image:height\" content=\"924\" \/>\n\t<meta property=\"og:image:type\" content=\"image\/jpeg\" \/>\n<meta name=\"twitter:card\" content=\"summary_large_image\" \/>\n<meta name=\"twitter:label1\" content=\"Estimation du temps de lecture\" \/>\n\t<meta name=\"twitter:data1\" content=\"3 minutes\" \/>\n<script type=\"application\/ld+json\" class=\"yoast-schema-graph\">{\"@context\":\"https:\\\/\\\/schema.org\",\"@graph\":[{\"@type\":\"Article\",\"@id\":\"https:\\\/\\\/www.180espace.com\\\/fr\\\/about-us\\\/#article\",\"isPartOf\":{\"@id\":\"https:\\\/\\\/www.180espace.com\\\/fr\\\/about-us\\\/\"},\"author\":{\"name\":\"Juliana Caldas\",\"@id\":\"https:\\\/\\\/www.180espace.com\\\/#\\\/schema\\\/person\\\/f76c5d54f89f291fe3342985eea79010\"},\"headline\":\"ABOUT ME\",\"datePublished\":\"2023-06-01T18:53:21+00:00\",\"dateModified\":\"2025-03-12T13:17:45+00:00\",\"mainEntityOfPage\":{\"@id\":\"https:\\\/\\\/www.180espace.com\\\/fr\\\/about-us\\\/\"},\"wordCount\":336,\"publisher\":{\"@id\":\"https:\\\/\\\/www.180espace.com\\\/#organization\"},\"image\":{\"@id\":\"https:\\\/\\\/www.180espace.com\\\/fr\\\/about-us\\\/#primaryimage\"},\"thumbnailUrl\":\"https:\\\/\\\/www.180espace.com\\\/wp-content\\\/uploads\\\/2023\\\/07\\\/HOME_1_JC-1-1536x865.jpg\",\"inLanguage\":\"fr-CA\"},{\"@type\":[\"WebPage\",\"AboutPage\"],\"@id\":\"https:\\\/\\\/www.180espace.com\\\/fr\\\/about-us\\\/\",\"url\":\"https:\\\/\\\/www.180espace.com\\\/fr\\\/about-us\\\/\",\"name\":\"ABOUT ME - 180Espace\",\"isPartOf\":{\"@id\":\"https:\\\/\\\/www.180espace.com\\\/#website\"},\"primaryImageOfPage\":{\"@id\":\"https:\\\/\\\/www.180espace.com\\\/fr\\\/about-us\\\/#primaryimage\"},\"image\":{\"@id\":\"https:\\\/\\\/www.180espace.com\\\/fr\\\/about-us\\\/#primaryimage\"},\"thumbnailUrl\":\"https:\\\/\\\/www.180espace.com\\\/wp-content\\\/uploads\\\/2023\\\/07\\\/HOME_1_JC-1-1536x865.jpg\",\"datePublished\":\"2023-06-01T18:53:21+00:00\",\"dateModified\":\"2025-03-12T13:17:45+00:00\",\"description\":\"Join Juliana Caldas at 180ESPACE for Vinyasa Yoga for all levels, Chakra alignment, SUP Yoga, Chair Yoga, and cacao ceremonies. Explore transformative wellness practices that promote healing, balance, and personal growth. Whether in-person or virtual, start your journey to self-discovery today!\",\"breadcrumb\":{\"@id\":\"https:\\\/\\\/www.180espace.com\\\/fr\\\/about-us\\\/#breadcrumb\"},\"inLanguage\":\"fr-CA\",\"potentialAction\":[{\"@type\":\"ReadAction\",\"target\":[\"https:\\\/\\\/www.180espace.com\\\/fr\\\/about-us\\\/\"]}]},{\"@type\":\"ImageObject\",\"inLanguage\":\"fr-CA\",\"@id\":\"https:\\\/\\\/www.180espace.com\\\/fr\\\/about-us\\\/#primaryimage\",\"url\":\"https:\\\/\\\/www.180espace.com\\\/wp-content\\\/uploads\\\/2023\\\/07\\\/HOME_1_JC-1-1536x865.jpg\",\"contentUrl\":\"https:\\\/\\\/www.180espace.com\\\/wp-content\\\/uploads\\\/2023\\\/07\\\/HOME_1_JC-1-1536x865.jpg\"},{\"@type\":\"BreadcrumbList\",\"@id\":\"https:\\\/\\\/www.180espace.com\\\/fr\\\/about-us\\\/#breadcrumb\",\"itemListElement\":[{\"@type\":\"ListItem\",\"position\":1,\"name\":\"home\",\"item\":\"https:\\\/\\\/www.180espace.com\\\/\"},{\"@type\":\"ListItem\",\"position\":2,\"name\":\"ABOUT ME\"}]},{\"@type\":\"WebSite\",\"@id\":\"https:\\\/\\\/www.180espace.com\\\/fr\\\/#website\",\"url\":\"https:\\\/\\\/www.180espace.com\\\/fr\\\/\",\"name\":\"180Espace Holistic Yoga\",\"description\":\"BE YOUR OWN INSPIRATION awaken your magic.\",\"publisher\":{\"@id\":\"https:\\\/\\\/www.180espace.com\\\/fr\\\/#organization\"},\"potentialAction\":[{\"@type\":\"SearchAction\",\"target\":{\"@type\":\"EntryPoint\",\"urlTemplate\":\"https:\\\/\\\/www.180espace.com\\\/fr\\\/?s={search_term_string}\"},\"query-input\":{\"@type\":\"PropertyValueSpecification\",\"valueRequired\":true,\"valueName\":\"search_term_string\"}}],\"inLanguage\":\"fr-CA\"},{\"@type\":\"Organization\",\"@id\":\"https:\\\/\\\/www.180espace.com\\\/fr\\\/#organization\",\"name\":\"180Espace\",\"url\":\"https:\\\/\\\/www.180espace.com\\\/fr\\\/\",\"logo\":{\"@type\":\"ImageObject\",\"inLanguage\":\"fr-CA\",\"@id\":\"https:\\\/\\\/www.180espace.com\\\/fr\\\/#\\\/schema\\\/logo\\\/image\\\/\",\"url\":\"https:\\\/\\\/www.180espace.com\\\/wp-content\\\/uploads\\\/2023\\\/06\\\/cropped-logo_final_4-1.png\",\"contentUrl\":\"https:\\\/\\\/www.180espace.com\\\/wp-content\\\/uploads\\\/2023\\\/06\\\/cropped-logo_final_4-1.png\",\"width\":2152,\"height\":769,\"caption\":\"180Espace\"},\"image\":{\"@id\":\"https:\\\/\\\/www.180espace.com\\\/fr\\\/#\\\/schema\\\/logo\\\/image\\\/\"},\"sameAs\":[\"https:\\\/\\\/www.facebook.com\\\/180Espace\",\"https:\\\/\\\/www.instagram.com\\\/180espace\\\/\",\"https:\\\/\\\/www.tiktok.com\\\/@180espace?_t=8jfdmdXrhHq&_r=1\",\"https:\\\/\\\/www.linkedin.com\\\/company\\\/180espace\\\/about\\\/\"]},{\"@type\":\"Person\",\"@id\":\"https:\\\/\\\/www.180espace.com\\\/#\\\/schema\\\/person\\\/f76c5d54f89f291fe3342985eea79010\",\"name\":\"Juliana Caldas\",\"image\":{\"@type\":\"ImageObject\",\"inLanguage\":\"fr-CA\",\"@id\":\"https:\\\/\\\/secure.gravatar.com\\\/avatar\\\/18a4d088fe67d2fda59b9d7a9358b6bef39775ee643514b26a5afc6df01fbebe?s=96&d=mm&r=g\",\"url\":\"https:\\\/\\\/secure.gravatar.com\\\/avatar\\\/18a4d088fe67d2fda59b9d7a9358b6bef39775ee643514b26a5afc6df01fbebe?s=96&d=mm&r=g\",\"contentUrl\":\"https:\\\/\\\/secure.gravatar.com\\\/avatar\\\/18a4d088fe67d2fda59b9d7a9358b6bef39775ee643514b26a5afc6df01fbebe?s=96&d=mm&r=g\",\"caption\":\"Juliana Caldas\"},\"sameAs\":[\"https:\\\/\\\/www.180espace.com\"],\"url\":\"https:\\\/\\\/www.180espace.com\\\/fr\\\/author\\\/caldastorresjulianagmail-com\\\/\"}]}<\/script>\n<!-- \/ Yoast SEO plugin. -->","yoast_head_json":{"title":"ABOUT ME","description":"Join Juliana Caldas at 180ESPACE for Vinyasa Yoga for all levels, Chakra alignment, SUP Yoga, Chair Yoga, and cacao ceremonies. Explore transformative wellness practices that promote healing, balance, and personal growth. Whether in-person or virtual, start your journey to self-discovery today!","robots":{"index":"index","follow":"follow","max-snippet":"max-snippet:-1","max-image-preview":"max-image-preview:large","max-video-preview":"max-video-preview:-1"},"canonical":"YOGA FOR ALL LEVELSABOUT ME Vinyasa Yoga for All Levels | About Me Welcome to my yoga journey! I\u2019m Juliana Caldas, a passionate Vinyasa Yoga teacher with over six years of experience. My path began 15 years ago when I traveled to India seeking a deeper connection with the universe and my inner energy. I&hellip;","og_locale":"fr_CA","og_type":"article","og_title":"ABOUT ME","og_description":"Join Juliana Caldas at 180ESPACE for Vinyasa Yoga for all levels, Chakra alignment, SUP Yoga, Chair Yoga, and cacao ceremonies. Explore transformative wellness practices that promote healing, balance, and personal growth. Whether in-person or virtual, start your journey to self-discovery today!","og_url":"https:\/\/www.180espace.com\/fr\/about-us\/","og_site_name":"180Espace","article_publisher":"https:\/\/www.facebook.com\/180Espace","article_modified_time":"2025-03-12T13:17:45+00:00","og_image":[{"width":1640,"height":924,"url":"https:\/\/www.180espace.com\/wp-content\/uploads\/2023\/07\/HOME_1_JC-1.jpg","type":"image\/jpeg"}],"twitter_card":"summary_large_image","twitter_misc":{"Estimation du temps de lecture":"3 minutes"},"schema":{"@context":"https:\/\/schema.org","@graph":[{"@type":"Article","@id":"https:\/\/www.180espace.com\/fr\/about-us\/#article","isPartOf":{"@id":"https:\/\/www.180espace.com\/fr\/about-us\/"},"author":{"name":"Juliana Caldas","@id":"https:\/\/www.180espace.com\/#\/schema\/person\/f76c5d54f89f291fe3342985eea79010"},"headline":"ABOUT ME","datePublished":"2023-06-01T18:53:21+00:00","dateModified":"2025-03-12T13:17:45+00:00","mainEntityOfPage":{"@id":"https:\/\/www.180espace.com\/fr\/about-us\/"},"wordCount":336,"publisher":{"@id":"https:\/\/www.180espace.com\/#organization"},"image":{"@id":"https:\/\/www.180espace.com\/fr\/about-us\/#primaryimage"},"thumbnailUrl":"https:\/\/www.180espace.com\/wp-content\/uploads\/2023\/07\/HOME_1_JC-1-1536x865.jpg","inLanguage":"fr-CA"},{"@type":["WebPage","AboutPage"],"@id":"https:\/\/www.180espace.com\/fr\/about-us\/","url":"https:\/\/www.180espace.com\/fr\/about-us\/","name":"ABOUT ME - 180Espace","isPartOf":{"@id":"https:\/\/www.180espace.com\/#website"},"primaryImageOfPage":{"@id":"https:\/\/www.180espace.com\/fr\/about-us\/#primaryimage"},"image":{"@id":"https:\/\/www.180espace.com\/fr\/about-us\/#primaryimage"},"thumbnailUrl":"https:\/\/www.180espace.com\/wp-content\/uploads\/2023\/07\/HOME_1_JC-1-1536x865.jpg","datePublished":"2023-06-01T18:53:21+00:00","dateModified":"2025-03-12T13:17:45+00:00","description":"Join Juliana Caldas at 180ESPACE for Vinyasa Yoga for all levels, Chakra alignment, SUP Yoga, Chair Yoga, and cacao ceremonies. Explore transformative wellness practices that promote healing, balance, and personal growth. Whether in-person or virtual, start your journey to self-discovery today!","breadcrumb":{"@id":"https:\/\/www.180espace.com\/fr\/about-us\/#breadcrumb"},"inLanguage":"fr-CA","potentialAction":[{"@type":"ReadAction","target":["https:\/\/www.180espace.com\/fr\/about-us\/"]}]},{"@type":"ImageObject","inLanguage":"fr-CA","@id":"https:\/\/www.180espace.com\/fr\/about-us\/#primaryimage","url":"https:\/\/www.180espace.com\/wp-content\/uploads\/2023\/07\/HOME_1_JC-1-1536x865.jpg","contentUrl":"https:\/\/www.180espace.com\/wp-content\/uploads\/2023\/07\/HOME_1_JC-1-1536x865.jpg"},{"@type":"BreadcrumbList","@id":"https:\/\/www.180espace.com\/fr\/about-us\/#breadcrumb","itemListElement":[{"@type":"ListItem","position":1,"name":"home","item":"https:\/\/www.180espace.com\/"},{"@type":"ListItem","position":2,"name":"ABOUT ME"}]},{"@type":"WebSite","@id":"https:\/\/www.180espace.com\/fr\/#website","url":"https:\/\/www.180espace.com\/fr\/","name":"180Espace Holistic Yoga","description":"BE YOUR OWN INSPIRATION awaken your magic.","publisher":{"@id":"https:\/\/www.180espace.com\/fr\/#organization"},"potentialAction":[{"@type":"SearchAction","target":{"@type":"EntryPoint","urlTemplate":"https:\/\/www.180espace.com\/fr\/?s={search_term_string}"},"query-input":{"@type":"PropertyValueSpecification","valueRequired":true,"valueName":"search_term_string"}}],"inLanguage":"fr-CA"},{"@type":"Organization","@id":"https:\/\/www.180espace.com\/fr\/#organization","name":"180Espace","url":"https:\/\/www.180espace.com\/fr\/","logo":{"@type":"ImageObject","inLanguage":"fr-CA","@id":"https:\/\/www.180espace.com\/fr\/#\/schema\/logo\/image\/","url":"https:\/\/www.180espace.com\/wp-content\/uploads\/2023\/06\/cropped-logo_final_4-1.png","contentUrl":"https:\/\/www.180espace.com\/wp-content\/uploads\/2023\/06\/cropped-logo_final_4-1.png","width":2152,"height":769,"caption":"180Espace"},"image":{"@id":"https:\/\/www.180espace.com\/fr\/#\/schema\/logo\/image\/"},"sameAs":["https:\/\/www.facebook.com\/180Espace","https:\/\/www.instagram.com\/180espace\/","https:\/\/www.tiktok.com\/@180espace?_t=8jfdmdXrhHq&_r=1","https:\/\/www.linkedin.com\/company\/180espace\/about\/"]},{"@type":"Person","@id":"https:\/\/www.180espace.com\/#\/schema\/person\/f76c5d54f89f291fe3342985eea79010","name":"Juliana Caldas","image":{"@type":"ImageObject","inLanguage":"fr-CA","@id":"https:\/\/secure.gravatar.com\/avatar\/18a4d088fe67d2fda59b9d7a9358b6bef39775ee643514b26a5afc6df01fbebe?s=96&d=mm&r=g","url":"https:\/\/secure.gravatar.com\/avatar\/18a4d088fe67d2fda59b9d7a9358b6bef39775ee643514b26a5afc6df01fbebe?s=96&d=mm&r=g","contentUrl":"https:\/\/secure.gravatar.com\/avatar\/18a4d088fe67d2fda59b9d7a9358b6bef39775ee643514b26a5afc6df01fbebe?s=96&d=mm&r=g","caption":"Juliana Caldas"},"sameAs":["https:\/\/www.180espace.com"],"url":"https:\/\/www.180espace.com\/fr\/author\/caldastorresjulianagmail-com\/"}]}},"_links":{"self":[{"href":"https:\/\/www.180espace.com\/fr\/wp-json\/wp\/v2\/pages\/61","targetHints":{"allow":["GET"]}}],"collection":[{"href":"https:\/\/www.180espace.com\/fr\/wp-json\/wp\/v2\/pages"}],"about":[{"href":"https:\/\/www.180espace.com\/fr\/wp-json\/wp\/v2\/types\/page"}],"author":[{"embeddable":true,"href":"https:\/\/www.180espace.com\/fr\/wp-json\/wp\/v2\/users\/1"}],"replies":[{"embeddable":true,"href":"https:\/\/www.180espace.com\/fr\/wp-json\/wp\/v2\/comments?post=61"}],"version-history":[{"count":0,"href":"https:\/\/www.180espace.com\/fr\/wp-json\/wp\/v2\/pages\/61\/revisions"}],"wp:attachment":[{"href":"https:\/\/www.180espace.com\/fr\/wp-json\/wp\/v2\/media?parent=61"}],"curies":[{"name":"wp","href":"https:\/\/api.w.org\/{rel}","templated":true}]}}